{"id":2501,"date":"2016-12-23T11:10:32","date_gmt":"2016-12-23T10:10:32","guid":{"rendered":"https:\/\/www.hotelambasciatoricattolica.it\/riepilogo-offerte\/"},"modified":"2019-02-19T10:51:32","modified_gmt":"2019-02-19T09:51:32","slug":"unsere-angebote-fur-ihren-urlaub-in-cattolica","status":"publish","type":"page","link":"https:\/\/www.hotelambasciatoricattolica.it\/de\/unsere-angebote-fur-ihren-urlaub-in-cattolica\/","title":{"rendered":"Unsere Angebote f\u00fcr Ihren Urlaub in Cattolica"},"content":{"rendered":"<h2>Entdecken Sie die besten Angebote f\u00fcr Ihren Urlaub in Cattolica<\/h2>\n<p>Erm\u00e4\u00dfigungen f\u00fcr Kinder, Familienpl\u00e4ne, Vorschl\u00e4ge f\u00fcr Wellness-Aufenthalte und Vorteile f\u00fcr diejenigen, die Vergn\u00fcgungsparks lieben.<\/p>\n","protected":false},"excerpt":{"rendered":"<p>Entdecken Sie die besten Angebote f\u00fcr Ihren Urlaub in Cattolica Erm\u00e4\u00dfigungen f\u00fcr Kinder, Familienpl\u00e4ne, Vorschl\u00e4ge f\u00fcr Wellness-Aufenthalte und Vorteile f\u00fcr diejenigen, die Vergn\u00fcgungsparks lieben.<\/p>\n","protected":false},"author":1,"featured_media":0,"parent":0,"menu_order":0,"comment_status":"closed","ping_status":"closed","template":"template\/template.offerte.php","meta":{"_acf_changed":false},"class_list":["post-2501","page","type-page","status-publish","hentry"],"acf":[],"_links":{"self":[{"href":"https:\/\/www.hotelambasciatoricattolica.it\/de\/wp-json\/wp\/v2\/pages\/2501","targetHints":{"allow":["GET"]}}],"collection":[{"href":"https:\/\/www.hotelambasciatoricattolica.it\/de\/wp-json\/wp\/v2\/pages"}],"about":[{"href":"https:\/\/www.hotelambasciatoricattolica.it\/de\/wp-json\/wp\/v2\/types\/page"}],"author":[{"embeddable":true,"href":"https:\/\/www.hotelambasciatoricattolica.it\/de\/wp-json\/wp\/v2\/users\/1"}],"replies":[{"embeddable":true,"href":"https:\/\/www.hotelambasciatoricattolica.it\/de\/wp-json\/wp\/v2\/comments?post=2501"}],"version-history":[{"count":0,"href":"https:\/\/www.hotelambasciatoricattolica.it\/de\/wp-json\/wp\/v2\/pages\/2501\/revisions"}],"wp:attachment":[{"href":"https:\/\/www.hotelambasciatoricattolica.it\/de\/wp-json\/wp\/v2\/media?parent=2501"}],"curies":[{"name":"wp","href":"https:\/\/api.w.org\/{rel}","templated":true}]}}