{"id":2605,"date":"2017-12-11T10:18:14","date_gmt":"2017-12-11T09:18:14","guid":{"rendered":"https:\/\/www.hotelambasciatoricattolica.it\/le-nostre-camere-ideali-per-le-vacanze-al-mare-a-cattolica\/"},"modified":"2019-02-27T15:43:50","modified_gmt":"2019-02-27T14:43:50","slug":"unsere-komfortablen-zimmer","status":"publish","type":"page","link":"https:\/\/www.hotelambasciatoricattolica.it\/de\/unsere-komfortablen-zimmer\/","title":{"rendered":"Unsere komfortablen Zimmer"},"content":{"rendered":"<h2>Im Urlaub auch wenn Sie schlafen \u2026.<\/h2>\n<p>Die Zimmer und der Parkplatz stehen Ihnen ab 12.00 Uhr am Tag der Ankunft zur Verfuegung und m\u00fcssen innerhalb 09.30 Uhr am Tag der Abreise ger\u00e4umt werden. Wenn Sie nicht sofort am Morgen abreisen werden wir Ihr Geb\u00e4ck bis 12.00 Uhr gerne bewachen.<\/p>\n<p>Um besser auf Ihre Bed\u00fcrfnisse einzugehen,<strong> bietet Ihnen das Hotel Ambasciatori vier verschiedene Zimmer:<\/strong><\/p>\n","protected":false},"excerpt":{"rendered":"<p>Im Urlaub auch wenn Sie schlafen \u2026. Die Zimmer und der Parkplatz stehen Ihnen ab 12.00 Uhr am Tag der Ankunft zur Verfuegung und m\u00fcssen innerhalb 09.30 Uhr am Tag der Abreise ger\u00e4umt werden. Wenn Sie nicht sofort am Morgen abreisen werden wir Ihr Geb\u00e4ck bis 12.00 Uhr gerne bewachen. Um besser auf Ihre Bed\u00fcrfnisse einzugehen, bietet Ihnen das Hotel Ambasciatori vier verschiedene Zimmer:<\/p>\n","protected":false},"author":1,"featured_media":0,"parent":0,"menu_order":0,"comment_status":"closed","ping_status":"closed","template":"template\/template.camere.php","meta":{"_acf_changed":false},"class_list":["post-2605","page","type-page","status-publish","hentry"],"acf":[],"_links":{"self":[{"href":"https:\/\/www.hotelambasciatoricattolica.it\/de\/wp-json\/wp\/v2\/pages\/2605","targetHints":{"allow":["GET"]}}],"collection":[{"href":"https:\/\/www.hotelambasciatoricattolica.it\/de\/wp-json\/wp\/v2\/pages"}],"about":[{"href":"https:\/\/www.hotelambasciatoricattolica.it\/de\/wp-json\/wp\/v2\/types\/page"}],"author":[{"embeddable":true,"href":"https:\/\/www.hotelambasciatoricattolica.it\/de\/wp-json\/wp\/v2\/users\/1"}],"replies":[{"embeddable":true,"href":"https:\/\/www.hotelambasciatoricattolica.it\/de\/wp-json\/wp\/v2\/comments?post=2605"}],"version-history":[{"count":0,"href":"https:\/\/www.hotelambasciatoricattolica.it\/de\/wp-json\/wp\/v2\/pages\/2605\/revisions"}],"wp:attachment":[{"href":"https:\/\/www.hotelambasciatoricattolica.it\/de\/wp-json\/wp\/v2\/media?parent=2605"}],"curies":[{"name":"wp","href":"https:\/\/api.w.org\/{rel}","templated":true}]}}