{"id":2708,"date":"2017-12-11T10:19:45","date_gmt":"2017-12-11T09:19:45","guid":{"rendered":"https:\/\/www.hotelambasciatoricattolica.it\/ristorante\/"},"modified":"2022-06-23T15:18:29","modified_gmt":"2022-06-23T13:18:29","slug":"hotel-mit-restaurant-in-cattolica","status":"publish","type":"page","link":"https:\/\/www.hotelambasciatoricattolica.it\/de\/hotel-mit-restaurant-in-cattolica\/","title":{"rendered":"Hotel mit Restaurant in Cattolica"},"content":{"rendered":"<h3>Ein guter Morgen beginnt am Morgen!<\/h3>\n<p>Wir m\u00f6chten Sie von den fr\u00fchen Stunden des Tages verw\u00f6hnen und aus diesem Grund bieten wir Ihnen zum <strong>Fr\u00fchst\u00fcck Croissants, hausgemachte Kekse und Kuchen<\/strong>, Marmelade, Schokolade, Joghurt, M\u00fcsli und frischer Aufschnitt. <strong>Nicht zu vergessen der traditionelle italienische Kaffee als Cappuccino oder Saefte, wenn sie m\u00f6gen. Unsere Getr\u00e4nke werden ausschlie\u00dflich mit frischer Milch und Kaffeebohnen zubereitet !<\/strong><\/p>\n<h3>Nach den Meer \u2026 was f\u00fcr ein Hunger ! Setzen Sie sich an den Tisch und lassen Sie sich von unseren Angestelleten verw\u00f6hnen \u2026<\/h3>\n<p>Wir denken uns, das es einfach schoener ist, wenn man im Urlaub am Tisch bedient wird. Mittag- und Abendessen werden serviert und deshalb brauchen Sie keine Warteschlangen am <strong>Buffet<\/strong> stehen. Jedoch sind unsere kalten und warmen Vorspeisen, Salate und Gemuese mit Selbstbedienung somit Sie in aller Ruhe das passende f\u00fcr Sie w\u00e4hlen k\u00f6nnen. <strong>Sie k\u00f6nnen t\u00e4glich zwischen 3 verschiedenen Men\u00fcs mit Fleisch oder Fisch zum Mittag- und Abendessen w\u00e4hlen!<\/strong><\/p>\n<div id='gallery-1' class='gallery galleryid-2708 gallery-columns-3 gallery-size-full'><figure class='gallery-item'>\n\t\t\t<div class='gallery-icon landscape'>\n\t\t\t\t<a href='https:\/\/www.hotelambasciatoricattolica.it\/wp-content\/uploads\/2019\/02\/Gallery-Ristorante-07-Ambasciatori-Cattolica.jpg' data-size=\"1000x700\"><img loading=\"lazy\" decoding=\"async\" width=\"1000\" height=\"700\" src=\"https:\/\/www.hotelambasciatoricattolica.it\/wp-content\/uploads\/2019\/02\/Gallery-Ristorante-07-Ambasciatori-Cattolica.jpg\" class=\"attachment-full size-full\" alt=\"Hotel Ambasciatori Cattolica colazione\" srcset=\"https:\/\/www.hotelambasciatoricattolica.it\/wp-content\/uploads\/2019\/02\/Gallery-Ristorante-07-Ambasciatori-Cattolica.jpg 1000w, https:\/\/www.hotelambasciatoricattolica.it\/wp-content\/uploads\/2019\/02\/Gallery-Ristorante-07-Ambasciatori-Cattolica-768x538.jpg 768w, https:\/\/www.hotelambasciatoricattolica.it\/wp-content\/uploads\/2019\/02\/Gallery-Ristorante-07-Ambasciatori-Cattolica-57x40.jpg 57w, https:\/\/www.hotelambasciatoricattolica.it\/wp-content\/uploads\/2019\/02\/Gallery-Ristorante-07-Ambasciatori-Cattolica-72x50.jpg 72w, https:\/\/www.hotelambasciatoricattolica.it\/wp-content\/uploads\/2019\/02\/Gallery-Ristorante-07-Ambasciatori-Cattolica-114x80.jpg 114w, https:\/\/www.hotelambasciatoricattolica.it\/wp-content\/uploads\/2019\/02\/Gallery-Ristorante-07-Ambasciatori-Cattolica-144x101.jpg 144w\" sizes=\"auto, (max-width: 1000px) 100vw, 1000px\" \/><\/a>\n\t\t\t<\/div><\/figure><figure class='gallery-item'>\n\t\t\t<div class='gallery-icon landscape'>\n\t\t\t\t<a href='https:\/\/www.hotelambasciatoricattolica.it\/wp-content\/uploads\/2019\/02\/Gallery-Ristorante-01-Ambasciatori-Cattolica.jpg' data-size=\"1000x700\"><img loading=\"lazy\" decoding=\"async\" width=\"1000\" height=\"700\" src=\"https:\/\/www.hotelambasciatoricattolica.it\/wp-content\/uploads\/2019\/02\/Gallery-Ristorante-01-Ambasciatori-Cattolica.jpg\" class=\"attachment-full size-full\" alt=\"Hotel Ambasciatori Cattolica piatti ristorante\" srcset=\"https:\/\/www.hotelambasciatoricattolica.it\/wp-content\/uploads\/2019\/02\/Gallery-Ristorante-01-Ambasciatori-Cattolica.jpg 1000w, https:\/\/www.hotelambasciatoricattolica.it\/wp-content\/uploads\/2019\/02\/Gallery-Ristorante-01-Ambasciatori-Cattolica-768x538.jpg 768w, https:\/\/www.hotelambasciatoricattolica.it\/wp-content\/uploads\/2019\/02\/Gallery-Ristorante-01-Ambasciatori-Cattolica-57x40.jpg 57w, https:\/\/www.hotelambasciatoricattolica.it\/wp-content\/uploads\/2019\/02\/Gallery-Ristorante-01-Ambasciatori-Cattolica-72x50.jpg 72w, https:\/\/www.hotelambasciatoricattolica.it\/wp-content\/uploads\/2019\/02\/Gallery-Ristorante-01-Ambasciatori-Cattolica-114x80.jpg 114w, https:\/\/www.hotelambasciatoricattolica.it\/wp-content\/uploads\/2019\/02\/Gallery-Ristorante-01-Ambasciatori-Cattolica-144x101.jpg 144w\" sizes=\"auto, (max-width: 1000px) 100vw, 1000px\" \/><\/a>\n\t\t\t<\/div><\/figure><figure class='gallery-item'>\n\t\t\t<div class='gallery-icon landscape'>\n\t\t\t\t<a href='https:\/\/www.hotelambasciatoricattolica.it\/wp-content\/uploads\/2019\/02\/Gallery-Ristorante-03-Ambasciatori-Cattolica.jpg' data-size=\"1000x700\"><img loading=\"lazy\" decoding=\"async\" width=\"1000\" height=\"700\" src=\"https:\/\/www.hotelambasciatoricattolica.it\/wp-content\/uploads\/2019\/02\/Gallery-Ristorante-03-Ambasciatori-Cattolica.jpg\" class=\"attachment-full size-full\" alt=\"Hotel Ambasciatori Cattolica buffet Ristorante\" srcset=\"https:\/\/www.hotelambasciatoricattolica.it\/wp-content\/uploads\/2019\/02\/Gallery-Ristorante-03-Ambasciatori-Cattolica.jpg 1000w, https:\/\/www.hotelambasciatoricattolica.it\/wp-content\/uploads\/2019\/02\/Gallery-Ristorante-03-Ambasciatori-Cattolica-768x538.jpg 768w, https:\/\/www.hotelambasciatoricattolica.it\/wp-content\/uploads\/2019\/02\/Gallery-Ristorante-03-Ambasciatori-Cattolica-57x40.jpg 57w, https:\/\/www.hotelambasciatoricattolica.it\/wp-content\/uploads\/2019\/02\/Gallery-Ristorante-03-Ambasciatori-Cattolica-72x50.jpg 72w, https:\/\/www.hotelambasciatoricattolica.it\/wp-content\/uploads\/2019\/02\/Gallery-Ristorante-03-Ambasciatori-Cattolica-114x80.jpg 114w, https:\/\/www.hotelambasciatoricattolica.it\/wp-content\/uploads\/2019\/02\/Gallery-Ristorante-03-Ambasciatori-Cattolica-144x101.jpg 144w\" sizes=\"auto, (max-width: 1000px) 100vw, 1000px\" \/><\/a>\n\t\t\t<\/div><\/figure><figure class='gallery-item'>\n\t\t\t<div class='gallery-icon landscape'>\n\t\t\t\t<a href='https:\/\/www.hotelambasciatoricattolica.it\/wp-content\/uploads\/2019\/02\/Gallery-Ristorante-06-Ambasciatori-Cattolica.jpg' data-size=\"1000x700\"><img loading=\"lazy\" decoding=\"async\" width=\"1000\" height=\"700\" src=\"https:\/\/www.hotelambasciatoricattolica.it\/wp-content\/uploads\/2019\/02\/Gallery-Ristorante-06-Ambasciatori-Cattolica.jpg\" class=\"attachment-full size-full\" alt=\"Hotel Ambasciatori Cattolica piadina romagnola\" srcset=\"https:\/\/www.hotelambasciatoricattolica.it\/wp-content\/uploads\/2019\/02\/Gallery-Ristorante-06-Ambasciatori-Cattolica.jpg 1000w, https:\/\/www.hotelambasciatoricattolica.it\/wp-content\/uploads\/2019\/02\/Gallery-Ristorante-06-Ambasciatori-Cattolica-768x538.jpg 768w, https:\/\/www.hotelambasciatoricattolica.it\/wp-content\/uploads\/2019\/02\/Gallery-Ristorante-06-Ambasciatori-Cattolica-57x40.jpg 57w, https:\/\/www.hotelambasciatoricattolica.it\/wp-content\/uploads\/2019\/02\/Gallery-Ristorante-06-Ambasciatori-Cattolica-72x50.jpg 72w, https:\/\/www.hotelambasciatoricattolica.it\/wp-content\/uploads\/2019\/02\/Gallery-Ristorante-06-Ambasciatori-Cattolica-114x80.jpg 114w, https:\/\/www.hotelambasciatoricattolica.it\/wp-content\/uploads\/2019\/02\/Gallery-Ristorante-06-Ambasciatori-Cattolica-144x101.jpg 144w\" sizes=\"auto, (max-width: 1000px) 100vw, 1000px\" \/><\/a>\n\t\t\t<\/div><\/figure><figure class='gallery-item'>\n\t\t\t<div class='gallery-icon landscape'>\n\t\t\t\t<a href='https:\/\/www.hotelambasciatoricattolica.it\/wp-content\/uploads\/2019\/02\/Gallery-Ristorante-02-Ambasciatori-Cattolica.jpg' data-size=\"1000x700\"><img loading=\"lazy\" decoding=\"async\" width=\"1000\" height=\"700\" src=\"https:\/\/www.hotelambasciatoricattolica.it\/wp-content\/uploads\/2019\/02\/Gallery-Ristorante-02-Ambasciatori-Cattolica.jpg\" class=\"attachment-full size-full\" alt=\"Hotel Ambasciatori Cattolica buffet Ristorante\" srcset=\"https:\/\/www.hotelambasciatoricattolica.it\/wp-content\/uploads\/2019\/02\/Gallery-Ristorante-02-Ambasciatori-Cattolica.jpg 1000w, https:\/\/www.hotelambasciatoricattolica.it\/wp-content\/uploads\/2019\/02\/Gallery-Ristorante-02-Ambasciatori-Cattolica-768x538.jpg 768w, https:\/\/www.hotelambasciatoricattolica.it\/wp-content\/uploads\/2019\/02\/Gallery-Ristorante-02-Ambasciatori-Cattolica-57x40.jpg 57w, https:\/\/www.hotelambasciatoricattolica.it\/wp-content\/uploads\/2019\/02\/Gallery-Ristorante-02-Ambasciatori-Cattolica-72x50.jpg 72w, https:\/\/www.hotelambasciatoricattolica.it\/wp-content\/uploads\/2019\/02\/Gallery-Ristorante-02-Ambasciatori-Cattolica-114x80.jpg 114w, https:\/\/www.hotelambasciatoricattolica.it\/wp-content\/uploads\/2019\/02\/Gallery-Ristorante-02-Ambasciatori-Cattolica-144x101.jpg 144w\" sizes=\"auto, (max-width: 1000px) 100vw, 1000px\" \/><\/a>\n\t\t\t<\/div><\/figure><figure class='gallery-item'>\n\t\t\t<div class='gallery-icon landscape'>\n\t\t\t\t<a href='https:\/\/www.hotelambasciatoricattolica.it\/wp-content\/uploads\/2019\/02\/Gallery-Ristorante-05-Ambasciatori-Cattolica.jpg' data-size=\"1000x700\"><img loading=\"lazy\" decoding=\"async\" width=\"1000\" height=\"700\" src=\"https:\/\/www.hotelambasciatoricattolica.it\/wp-content\/uploads\/2019\/02\/Gallery-Ristorante-05-Ambasciatori-Cattolica.jpg\" class=\"attachment-full size-full\" alt=\"Hotel Ambasciatori Cattolica colazione\" srcset=\"https:\/\/www.hotelambasciatoricattolica.it\/wp-content\/uploads\/2019\/02\/Gallery-Ristorante-05-Ambasciatori-Cattolica.jpg 1000w, https:\/\/www.hotelambasciatoricattolica.it\/wp-content\/uploads\/2019\/02\/Gallery-Ristorante-05-Ambasciatori-Cattolica-768x538.jpg 768w, https:\/\/www.hotelambasciatoricattolica.it\/wp-content\/uploads\/2019\/02\/Gallery-Ristorante-05-Ambasciatori-Cattolica-57x40.jpg 57w, https:\/\/www.hotelambasciatoricattolica.it\/wp-content\/uploads\/2019\/02\/Gallery-Ristorante-05-Ambasciatori-Cattolica-72x50.jpg 72w, https:\/\/www.hotelambasciatoricattolica.it\/wp-content\/uploads\/2019\/02\/Gallery-Ristorante-05-Ambasciatori-Cattolica-114x80.jpg 114w, https:\/\/www.hotelambasciatoricattolica.it\/wp-content\/uploads\/2019\/02\/Gallery-Ristorante-05-Ambasciatori-Cattolica-144x101.jpg 144w\" sizes=\"auto, (max-width: 1000px) 100vw, 1000px\" \/><\/a>\n\t\t\t<\/div><\/figure>\n\t\t<\/div>\n\n<h3>Abendessen mit der Piadina dem legend\u00e4ren Fladenbrot der Romagna \u2026<\/h3>\n<p>Wir sind in der Romagna, der Ort wo Sie wunderbar Essen koennen. <strong>Jeden Mittwoch<\/strong> abend servieren wir Ihnen ein <strong>typisches Essen aus der Romagna, mit der unvermeidlichen Piadina<\/strong>, begleitet von leckeren Fleisch, Nudeln mit Fleischrag\u00f9 und Ferkel in porchetta \u2026 ganz einfach lecker!<\/p>\n<h3>Gala Abendessen<\/h3>\n<p>Wir in Romagna wissen wie man guten Fisch zubereitet. Wenn Sie Fischliebhaber sind, dann ist unser Gala Abend perfekt f\u00fcr Sie. Wir bereiten Ihnen ein totales Fisch Menu vor von der Vorspeise bis zum Hauptgericht. Keine Angst f\u00fcr diejenigen die ihn nicht m\u00f6gen gibt es auch ein komplettes Fleischgericht. <strong>Und zum Abschluss, Live-Musik f\u00fcr Erwachsene und Kinder<\/strong>.<\/p>\n<h3>Unsere K\u00fcche f\u00fcr jedermann<\/h3>\n<p>Wir sind uns bewusst dar\u00fcber, dass heute viele Menschen <strong>Ern\u00e4hrungsprobleme haben wie zum Beispiel Nahrungsmittelunvertr\u00e4glichkeit<\/strong> oder Z\u00f6liakie. <strong>Unser K\u00fcchenchef bereitet besondere Gerichte mit Sorgfalt und Geschmack vor<\/strong> . . . Damit wir Ihnen eine ad\u00e4quate Bedienung nach Art des Problems gew\u00e4hrleisten k\u00f6nnen, bitten wir Sie Uns Ihre Lebensmittelallergien bei der Buchung mitzuteilen.<\/p>\n","protected":false},"excerpt":{"rendered":"<p>Ein guter Morgen beginnt am Morgen! Wir m\u00f6chten Sie von den fr\u00fchen Stunden des Tages verw\u00f6hnen und aus diesem Grund bieten wir Ihnen zum Fr\u00fchst\u00fcck Croissants, hausgemachte Kekse und Kuchen, Marmelade, Schokolade, Joghurt, M\u00fcsli und frischer Aufschnitt. Nicht zu vergessen der traditionelle italienische Kaffee als Cappuccino oder Saefte, wenn sie m\u00f6gen. Unsere Getr\u00e4nke werden ausschlie\u00dflich mit frischer Milch und Kaffeebohnen zubereitet ! Nach den Meer \u2026 was f\u00fcr ein Hunger &#8230;<\/p>\n","protected":false},"author":1,"featured_media":0,"parent":0,"menu_order":0,"comment_status":"closed","ping_status":"closed","template":"","meta":{"_acf_changed":false},"class_list":["post-2708","page","type-page","status-publish","hentry"],"acf":[],"_links":{"self":[{"href":"https:\/\/www.hotelambasciatoricattolica.it\/de\/wp-json\/wp\/v2\/pages\/2708","targetHints":{"allow":["GET"]}}],"collection":[{"href":"https:\/\/www.hotelambasciatoricattolica.it\/de\/wp-json\/wp\/v2\/pages"}],"about":[{"href":"https:\/\/www.hotelambasciatoricattolica.it\/de\/wp-json\/wp\/v2\/types\/page"}],"author":[{"embeddable":true,"href":"https:\/\/www.hotelambasciatoricattolica.it\/de\/wp-json\/wp\/v2\/users\/1"}],"replies":[{"embeddable":true,"href":"https:\/\/www.hotelambasciatoricattolica.it\/de\/wp-json\/wp\/v2\/comments?post=2708"}],"version-history":[{"count":0,"href":"https:\/\/www.hotelambasciatoricattolica.it\/de\/wp-json\/wp\/v2\/pages\/2708\/revisions"}],"wp:attachment":[{"href":"https:\/\/www.hotelambasciatoricattolica.it\/de\/wp-json\/wp\/v2\/media?parent=2708"}],"curies":[{"name":"wp","href":"https:\/\/api.w.org\/{rel}","templated":true}]}}