{"id":2720,"date":"2019-02-05T09:39:23","date_gmt":"2019-02-05T08:39:23","guid":{"rendered":"https:\/\/www.hotelambasciatoricattolica.it\/le-spiagge-di-cattolica-animazione-e-relax-per-tutta-la-famiglia\/"},"modified":"2023-01-11T16:57:43","modified_gmt":"2023-01-11T15:57:43","slug":"die-strande-von-cattolica-ein-sonnenbad-zwischen-spas-und-entspannung","status":"publish","type":"page","link":"https:\/\/www.hotelambasciatoricattolica.it\/de\/die-strande-von-cattolica-ein-sonnenbad-zwischen-spas-und-entspannung\/","title":{"rendered":"Die Str\u00e4nde von Cattolica: ein Sonnenbad zwischen Spa\u00df und Entspannung"},"content":{"rendered":"<h2>Unsere Str\u00e4nde sind sicher ausgestattet und organiziert, damit Sie sch\u00f6ne und heitere Tage am Meer verbringen k\u00f6nnen<\/h2>\n<p>Die Str\u00e4nde mit uns verbunden sind, <strong>50 Meter von unserem Hotel<\/strong>, geh\u00f6ren zu den besten der Romagna Badeorte, Str\u00e4nde, wo man jede Art von Service zu finden, aus dem <strong>Pool in die Turnhalle<\/strong> der gr\u00f6\u00dften, von der <strong>Mini-Club Spielplatz f\u00fcr mehr kleine<\/strong>, von den F<strong>eierlichkeiten organisiert Animation f\u00fcr Kinder und Erwachsene<\/strong> immer pr\u00e4sent, aber nie aufdringlich!<\/p>\n<p><strong>Zona 99:<\/strong> Ivano und Roberto wird bereit sein, Sie zu empfangen und zu Ihnen und Ihrer Familie alle R\u00e4ume gewidmet, um verschiedene Dienstleistungen zu pr\u00e4sentieren Ihren Urlaub eine Zeit voller Spa\u00df und Entspannung zu machen. Besuchen Sie die Seite www.bagnizona99cattolica.it<\/p>\n<div id='gallery-1' class='gallery galleryid-2720 gallery-columns-3 gallery-size-full'><figure class='gallery-item'>\n\t\t\t<div class='gallery-icon landscape'>\n\t\t\t\t<a href='https:\/\/www.hotelambasciatoricattolica.it\/wp-content\/uploads\/2019\/02\/Gallery-Spiaggia-01-Ambasciatori-Cattolica.jpg' data-size=\"1000x700\"><img loading=\"lazy\" decoding=\"async\" width=\"1000\" height=\"700\" src=\"https:\/\/www.hotelambasciatoricattolica.it\/wp-content\/uploads\/2019\/02\/Gallery-Spiaggia-01-Ambasciatori-Cattolica.jpg\" class=\"attachment-full size-full\" alt=\"Hotel Cattolica con piscina illuminata\" srcset=\"https:\/\/www.hotelambasciatoricattolica.it\/wp-content\/uploads\/2019\/02\/Gallery-Spiaggia-01-Ambasciatori-Cattolica.jpg 1000w, https:\/\/www.hotelambasciatoricattolica.it\/wp-content\/uploads\/2019\/02\/Gallery-Spiaggia-01-Ambasciatori-Cattolica-768x538.jpg 768w, https:\/\/www.hotelambasciatoricattolica.it\/wp-content\/uploads\/2019\/02\/Gallery-Spiaggia-01-Ambasciatori-Cattolica-57x40.jpg 57w, https:\/\/www.hotelambasciatoricattolica.it\/wp-content\/uploads\/2019\/02\/Gallery-Spiaggia-01-Ambasciatori-Cattolica-72x50.jpg 72w, https:\/\/www.hotelambasciatoricattolica.it\/wp-content\/uploads\/2019\/02\/Gallery-Spiaggia-01-Ambasciatori-Cattolica-114x80.jpg 114w, https:\/\/www.hotelambasciatoricattolica.it\/wp-content\/uploads\/2019\/02\/Gallery-Spiaggia-01-Ambasciatori-Cattolica-144x101.jpg 144w\" sizes=\"auto, (max-width: 1000px) 100vw, 1000px\" \/><\/a>\n\t\t\t<\/div><\/figure><figure class='gallery-item'>\n\t\t\t<div class='gallery-icon landscape'>\n\t\t\t\t<a href='https:\/\/www.hotelambasciatoricattolica.it\/wp-content\/uploads\/2019\/02\/Gallery-Spiaggia-04-Ambasciatori-Cattolica.jpg' data-size=\"1000x700\"><img loading=\"lazy\" decoding=\"async\" width=\"1000\" height=\"700\" src=\"https:\/\/www.hotelambasciatoricattolica.it\/wp-content\/uploads\/2019\/02\/Gallery-Spiaggia-04-Ambasciatori-Cattolica.jpg\" class=\"attachment-full size-full\" alt=\"Hotel spiaggia Cattolica\" srcset=\"https:\/\/www.hotelambasciatoricattolica.it\/wp-content\/uploads\/2019\/02\/Gallery-Spiaggia-04-Ambasciatori-Cattolica.jpg 1000w, https:\/\/www.hotelambasciatoricattolica.it\/wp-content\/uploads\/2019\/02\/Gallery-Spiaggia-04-Ambasciatori-Cattolica-768x538.jpg 768w, https:\/\/www.hotelambasciatoricattolica.it\/wp-content\/uploads\/2019\/02\/Gallery-Spiaggia-04-Ambasciatori-Cattolica-57x40.jpg 57w, https:\/\/www.hotelambasciatoricattolica.it\/wp-content\/uploads\/2019\/02\/Gallery-Spiaggia-04-Ambasciatori-Cattolica-72x50.jpg 72w, https:\/\/www.hotelambasciatoricattolica.it\/wp-content\/uploads\/2019\/02\/Gallery-Spiaggia-04-Ambasciatori-Cattolica-114x80.jpg 114w, https:\/\/www.hotelambasciatoricattolica.it\/wp-content\/uploads\/2019\/02\/Gallery-Spiaggia-04-Ambasciatori-Cattolica-144x101.jpg 144w\" sizes=\"auto, (max-width: 1000px) 100vw, 1000px\" \/><\/a>\n\t\t\t<\/div><\/figure><figure class='gallery-item'>\n\t\t\t<div class='gallery-icon landscape'>\n\t\t\t\t<a href='https:\/\/www.hotelambasciatoricattolica.it\/wp-content\/uploads\/2019\/02\/Gallery-Spiaggia-02-Ambasciatori-Cattolica.jpg' data-size=\"1000x700\"><img loading=\"lazy\" decoding=\"async\" width=\"1000\" height=\"700\" src=\"https:\/\/www.hotelambasciatoricattolica.it\/wp-content\/uploads\/2019\/02\/Gallery-Spiaggia-02-Ambasciatori-Cattolica.jpg\" class=\"attachment-full size-full\" alt=\"Hotel Ambasciatori Cattolica piscina in spiaggia\" srcset=\"https:\/\/www.hotelambasciatoricattolica.it\/wp-content\/uploads\/2019\/02\/Gallery-Spiaggia-02-Ambasciatori-Cattolica.jpg 1000w, https:\/\/www.hotelambasciatoricattolica.it\/wp-content\/uploads\/2019\/02\/Gallery-Spiaggia-02-Ambasciatori-Cattolica-768x538.jpg 768w, https:\/\/www.hotelambasciatoricattolica.it\/wp-content\/uploads\/2019\/02\/Gallery-Spiaggia-02-Ambasciatori-Cattolica-57x40.jpg 57w, https:\/\/www.hotelambasciatoricattolica.it\/wp-content\/uploads\/2019\/02\/Gallery-Spiaggia-02-Ambasciatori-Cattolica-72x50.jpg 72w, https:\/\/www.hotelambasciatoricattolica.it\/wp-content\/uploads\/2019\/02\/Gallery-Spiaggia-02-Ambasciatori-Cattolica-114x80.jpg 114w, https:\/\/www.hotelambasciatoricattolica.it\/wp-content\/uploads\/2019\/02\/Gallery-Spiaggia-02-Ambasciatori-Cattolica-144x101.jpg 144w\" sizes=\"auto, (max-width: 1000px) 100vw, 1000px\" \/><\/a>\n\t\t\t<\/div><\/figure><figure class='gallery-item'>\n\t\t\t<div class='gallery-icon landscape'>\n\t\t\t\t<a href='https:\/\/www.hotelambasciatoricattolica.it\/wp-content\/uploads\/2019\/02\/Gallery-Spiaggia-03-Ambasciatori-Cattolica.jpg' data-size=\"1000x700\"><img loading=\"lazy\" decoding=\"async\" width=\"1000\" height=\"700\" src=\"https:\/\/www.hotelambasciatoricattolica.it\/wp-content\/uploads\/2019\/02\/Gallery-Spiaggia-03-Ambasciatori-Cattolica.jpg\" class=\"attachment-full size-full\" alt=\"Hotel Ambasciatori Cattolica Staff animazione\" srcset=\"https:\/\/www.hotelambasciatoricattolica.it\/wp-content\/uploads\/2019\/02\/Gallery-Spiaggia-03-Ambasciatori-Cattolica.jpg 1000w, https:\/\/www.hotelambasciatoricattolica.it\/wp-content\/uploads\/2019\/02\/Gallery-Spiaggia-03-Ambasciatori-Cattolica-768x538.jpg 768w, https:\/\/www.hotelambasciatoricattolica.it\/wp-content\/uploads\/2019\/02\/Gallery-Spiaggia-03-Ambasciatori-Cattolica-57x40.jpg 57w, https:\/\/www.hotelambasciatoricattolica.it\/wp-content\/uploads\/2019\/02\/Gallery-Spiaggia-03-Ambasciatori-Cattolica-72x50.jpg 72w, https:\/\/www.hotelambasciatoricattolica.it\/wp-content\/uploads\/2019\/02\/Gallery-Spiaggia-03-Ambasciatori-Cattolica-114x80.jpg 114w, https:\/\/www.hotelambasciatoricattolica.it\/wp-content\/uploads\/2019\/02\/Gallery-Spiaggia-03-Ambasciatori-Cattolica-144x101.jpg 144w\" sizes=\"auto, (max-width: 1000px) 100vw, 1000px\" \/><\/a>\n\t\t\t<\/div><\/figure>\n\t\t<\/div>\n\n<p><strong>Altamarea Beach Village: der exklusive Badeort umfangreichem Serviceangebot<\/strong> f\u00fcr Erwachsene und Kinder,<strong> spezielle Ruhezonen und einem Strand Bau die M\u00f6glichkeit<\/strong>, auch in unserem 4 Beiner zu geben, ein wenig auf das Meer zu genie\u00dfen!\u00a0Besuchen Sie die Seite all die Details zu erhalten www.altamareabeachvillage.it<\/p>\n","protected":false},"excerpt":{"rendered":"<p>Unsere Str\u00e4nde sind sicher ausgestattet und organiziert, damit Sie sch\u00f6ne und heitere Tage am Meer verbringen k\u00f6nnen Die Str\u00e4nde mit uns verbunden sind, 50 Meter von unserem Hotel, geh\u00f6ren zu den besten der Romagna Badeorte, Str\u00e4nde, wo man jede Art von Service zu finden, aus dem Pool in die Turnhalle der gr\u00f6\u00dften, von der Mini-Club Spielplatz f\u00fcr mehr kleine, von den Feierlichkeiten organisiert Animation f\u00fcr Kinder und Erwachsene immer pr\u00e4sent, &#8230;<\/p>\n","protected":false},"author":1,"featured_media":0,"parent":0,"menu_order":0,"comment_status":"closed","ping_status":"closed","template":"","meta":{"_acf_changed":false},"class_list":["post-2720","page","type-page","status-publish","hentry"],"acf":[],"_links":{"self":[{"href":"https:\/\/www.hotelambasciatoricattolica.it\/de\/wp-json\/wp\/v2\/pages\/2720","targetHints":{"allow":["GET"]}}],"collection":[{"href":"https:\/\/www.hotelambasciatoricattolica.it\/de\/wp-json\/wp\/v2\/pages"}],"about":[{"href":"https:\/\/www.hotelambasciatoricattolica.it\/de\/wp-json\/wp\/v2\/types\/page"}],"author":[{"embeddable":true,"href":"https:\/\/www.hotelambasciatoricattolica.it\/de\/wp-json\/wp\/v2\/users\/1"}],"replies":[{"embeddable":true,"href":"https:\/\/www.hotelambasciatoricattolica.it\/de\/wp-json\/wp\/v2\/comments?post=2720"}],"version-history":[{"count":0,"href":"https:\/\/www.hotelambasciatoricattolica.it\/de\/wp-json\/wp\/v2\/pages\/2720\/revisions"}],"wp:attachment":[{"href":"https:\/\/www.hotelambasciatoricattolica.it\/de\/wp-json\/wp\/v2\/media?parent=2720"}],"curies":[{"name":"wp","href":"https:\/\/api.w.org\/{rel}","templated":true}]}}