{"id":2744,"date":"2019-02-05T10:49:50","date_gmt":"2019-02-05T09:49:50","guid":{"rendered":"https:\/\/www.hotelambasciatoricattolica.it\/family-hotel-a-cattolica\/"},"modified":"2023-01-11T15:34:23","modified_gmt":"2023-01-11T14:34:23","slug":"family-hotels-in-cattolica-viele-dienstleistungen-fur-ihr-kind","status":"publish","type":"page","link":"https:\/\/www.hotelambasciatoricattolica.it\/de\/family-hotels-in-cattolica-viele-dienstleistungen-fur-ihr-kind\/","title":{"rendered":"Family \u2013 Hotels in Cattolica \u2026 viele Dienstleistungen f\u00fcr Ihr Kind"},"content":{"rendered":"<h2>Liebe Eltern, Sie werden im Hotel Ambasciatori viele Dienstleistungen f\u00fcr Ihre Kinder finden, so k\u00f6nnen auch Sie einen Urlaub in totaler Entspannung und Freiheit genie\u00dfen<\/h2>\n<p><strong>An die Mahlzeiten Ihrer Kinder denken wir. Lassen Sie uns Ihre W\u00fcnsche bei Ihrer Ankunft<\/strong>. Das Restaurant ist f\u00fcr Ihre Kinder jeden Tag eine halbe Stunde vor den Mahlzeiten ge\u00f6ffnet, so dass auch Sie sp\u00e4ter in Ruhe essen k\u00f6nnen.\u2026.. TATA MATILDE!!<\/p>\n<p>Ein <strong>Animator<\/strong> wird jeden Tag im Hotel vorhanden sein, Ihre Kinder zu den Mahlzeiten zu begr\u00fc\u00dfen und unterhalten , so dass Sie Eltern haben Mittagessen und Abendessen in Frieden; <strong>Kinder im Alter von 4 bis 12 Jahren k\u00f6nnen zusammen essen unter der Aufsicht unserer M\u00e4dchen!<\/strong> Und f\u00fcr Kinder im Alter von 4 Jahren, kein Problem! Sie k\u00f6nnen auch einen Teil der Gruppenspiele , wenn sie von ihren Eltern begleitet!<\/p>\n<p>Auch, wenn Ihr Kind will ein kleines Zvieri zu tun, bevor Sie gehen, um Spa\u00df am Strand, k\u00f6nnen Sie sich direkt an die Bar und knabbern etwas, von Joghurt, hausgemachten Keksen, Obst der Saison gehen!<\/p>\n<div id='gallery-1' class='gallery galleryid-2744 gallery-columns-3 gallery-size-full'><figure class='gallery-item'>\n\t\t\t<div class='gallery-icon landscape'>\n\t\t\t\t<a href='https:\/\/www.hotelambasciatoricattolica.it\/wp-content\/uploads\/2019\/02\/Gallery-Family-03-Ambasciatori-Cattolica.jpg' data-size=\"1000x700\"><img loading=\"lazy\" decoding=\"async\" width=\"1000\" height=\"700\" src=\"https:\/\/www.hotelambasciatoricattolica.it\/wp-content\/uploads\/2019\/02\/Gallery-Family-03-Ambasciatori-Cattolica.jpg\" class=\"attachment-full size-full\" alt=\"Family Hotel Cattolica\" srcset=\"https:\/\/www.hotelambasciatoricattolica.it\/wp-content\/uploads\/2019\/02\/Gallery-Family-03-Ambasciatori-Cattolica.jpg 1000w, https:\/\/www.hotelambasciatoricattolica.it\/wp-content\/uploads\/2019\/02\/Gallery-Family-03-Ambasciatori-Cattolica-768x538.jpg 768w, https:\/\/www.hotelambasciatoricattolica.it\/wp-content\/uploads\/2019\/02\/Gallery-Family-03-Ambasciatori-Cattolica-57x40.jpg 57w, https:\/\/www.hotelambasciatoricattolica.it\/wp-content\/uploads\/2019\/02\/Gallery-Family-03-Ambasciatori-Cattolica-72x50.jpg 72w, https:\/\/www.hotelambasciatoricattolica.it\/wp-content\/uploads\/2019\/02\/Gallery-Family-03-Ambasciatori-Cattolica-114x80.jpg 114w, https:\/\/www.hotelambasciatoricattolica.it\/wp-content\/uploads\/2019\/02\/Gallery-Family-03-Ambasciatori-Cattolica-144x101.jpg 144w\" sizes=\"auto, (max-width: 1000px) 100vw, 1000px\" \/><\/a>\n\t\t\t<\/div><\/figure><figure class='gallery-item'>\n\t\t\t<div class='gallery-icon landscape'>\n\t\t\t\t<a href='https:\/\/www.hotelambasciatoricattolica.it\/wp-content\/uploads\/2019\/02\/Gallery-Family-01-Ambasciatori-Cattolica.jpg' data-size=\"1000x700\"><img loading=\"lazy\" decoding=\"async\" width=\"1000\" height=\"700\" src=\"https:\/\/www.hotelambasciatoricattolica.it\/wp-content\/uploads\/2019\/02\/Gallery-Family-01-Ambasciatori-Cattolica.jpg\" class=\"attachment-full size-full\" alt=\"Hotel per famiglie Cattolica\" srcset=\"https:\/\/www.hotelambasciatoricattolica.it\/wp-content\/uploads\/2019\/02\/Gallery-Family-01-Ambasciatori-Cattolica.jpg 1000w, https:\/\/www.hotelambasciatoricattolica.it\/wp-content\/uploads\/2019\/02\/Gallery-Family-01-Ambasciatori-Cattolica-768x538.jpg 768w, https:\/\/www.hotelambasciatoricattolica.it\/wp-content\/uploads\/2019\/02\/Gallery-Family-01-Ambasciatori-Cattolica-57x40.jpg 57w, https:\/\/www.hotelambasciatoricattolica.it\/wp-content\/uploads\/2019\/02\/Gallery-Family-01-Ambasciatori-Cattolica-72x50.jpg 72w, https:\/\/www.hotelambasciatoricattolica.it\/wp-content\/uploads\/2019\/02\/Gallery-Family-01-Ambasciatori-Cattolica-114x80.jpg 114w, https:\/\/www.hotelambasciatoricattolica.it\/wp-content\/uploads\/2019\/02\/Gallery-Family-01-Ambasciatori-Cattolica-144x101.jpg 144w\" sizes=\"auto, (max-width: 1000px) 100vw, 1000px\" \/><\/a>\n\t\t\t<\/div><\/figure><figure class='gallery-item'>\n\t\t\t<div class='gallery-icon landscape'>\n\t\t\t\t<a href='https:\/\/www.hotelambasciatoricattolica.it\/wp-content\/uploads\/2019\/02\/Gallery-Family-06-Ambasciatori-Cattolica.jpg' data-size=\"1000x700\"><img loading=\"lazy\" decoding=\"async\" width=\"1000\" height=\"700\" src=\"https:\/\/www.hotelambasciatoricattolica.it\/wp-content\/uploads\/2019\/02\/Gallery-Family-06-Ambasciatori-Cattolica.jpg\" class=\"attachment-full size-full\" alt=\"Hotel Ambasciatori Cattolica bambini\" srcset=\"https:\/\/www.hotelambasciatoricattolica.it\/wp-content\/uploads\/2019\/02\/Gallery-Family-06-Ambasciatori-Cattolica.jpg 1000w, https:\/\/www.hotelambasciatoricattolica.it\/wp-content\/uploads\/2019\/02\/Gallery-Family-06-Ambasciatori-Cattolica-768x538.jpg 768w, https:\/\/www.hotelambasciatoricattolica.it\/wp-content\/uploads\/2019\/02\/Gallery-Family-06-Ambasciatori-Cattolica-57x40.jpg 57w, https:\/\/www.hotelambasciatoricattolica.it\/wp-content\/uploads\/2019\/02\/Gallery-Family-06-Ambasciatori-Cattolica-72x50.jpg 72w, https:\/\/www.hotelambasciatoricattolica.it\/wp-content\/uploads\/2019\/02\/Gallery-Family-06-Ambasciatori-Cattolica-114x80.jpg 114w, https:\/\/www.hotelambasciatoricattolica.it\/wp-content\/uploads\/2019\/02\/Gallery-Family-06-Ambasciatori-Cattolica-144x101.jpg 144w\" sizes=\"auto, (max-width: 1000px) 100vw, 1000px\" \/><\/a>\n\t\t\t<\/div><\/figure><figure class='gallery-item'>\n\t\t\t<div class='gallery-icon landscape'>\n\t\t\t\t<a href='https:\/\/www.hotelambasciatoricattolica.it\/wp-content\/uploads\/2019\/02\/Gallery-Family-05-Ambasciatori-Cattolica.jpg' data-size=\"1000x700\"><img loading=\"lazy\" decoding=\"async\" width=\"1000\" height=\"700\" src=\"https:\/\/www.hotelambasciatoricattolica.it\/wp-content\/uploads\/2019\/02\/Gallery-Family-05-Ambasciatori-Cattolica.jpg\" class=\"attachment-full size-full\" alt=\"Hotel per famiglie Riviera Adriatica\" srcset=\"https:\/\/www.hotelambasciatoricattolica.it\/wp-content\/uploads\/2019\/02\/Gallery-Family-05-Ambasciatori-Cattolica.jpg 1000w, https:\/\/www.hotelambasciatoricattolica.it\/wp-content\/uploads\/2019\/02\/Gallery-Family-05-Ambasciatori-Cattolica-768x538.jpg 768w, https:\/\/www.hotelambasciatoricattolica.it\/wp-content\/uploads\/2019\/02\/Gallery-Family-05-Ambasciatori-Cattolica-57x40.jpg 57w, https:\/\/www.hotelambasciatoricattolica.it\/wp-content\/uploads\/2019\/02\/Gallery-Family-05-Ambasciatori-Cattolica-72x50.jpg 72w, https:\/\/www.hotelambasciatoricattolica.it\/wp-content\/uploads\/2019\/02\/Gallery-Family-05-Ambasciatori-Cattolica-114x80.jpg 114w, https:\/\/www.hotelambasciatoricattolica.it\/wp-content\/uploads\/2019\/02\/Gallery-Family-05-Ambasciatori-Cattolica-144x101.jpg 144w\" sizes=\"auto, (max-width: 1000px) 100vw, 1000px\" \/><\/a>\n\t\t\t<\/div><\/figure><figure class='gallery-item'>\n\t\t\t<div class='gallery-icon landscape'>\n\t\t\t\t<a href='https:\/\/www.hotelambasciatoricattolica.it\/wp-content\/uploads\/2019\/02\/Gallery-Family-04-Ambasciatori-Cattolica.jpg' data-size=\"1000x700\"><img loading=\"lazy\" decoding=\"async\" width=\"1000\" height=\"700\" src=\"https:\/\/www.hotelambasciatoricattolica.it\/wp-content\/uploads\/2019\/02\/Gallery-Family-04-Ambasciatori-Cattolica.jpg\" class=\"attachment-full size-full\" alt=\"Hotel per famiglie Cattolica\" srcset=\"https:\/\/www.hotelambasciatoricattolica.it\/wp-content\/uploads\/2019\/02\/Gallery-Family-04-Ambasciatori-Cattolica.jpg 1000w, https:\/\/www.hotelambasciatoricattolica.it\/wp-content\/uploads\/2019\/02\/Gallery-Family-04-Ambasciatori-Cattolica-768x538.jpg 768w, https:\/\/www.hotelambasciatoricattolica.it\/wp-content\/uploads\/2019\/02\/Gallery-Family-04-Ambasciatori-Cattolica-57x40.jpg 57w, https:\/\/www.hotelambasciatoricattolica.it\/wp-content\/uploads\/2019\/02\/Gallery-Family-04-Ambasciatori-Cattolica-72x50.jpg 72w, https:\/\/www.hotelambasciatoricattolica.it\/wp-content\/uploads\/2019\/02\/Gallery-Family-04-Ambasciatori-Cattolica-114x80.jpg 114w, https:\/\/www.hotelambasciatoricattolica.it\/wp-content\/uploads\/2019\/02\/Gallery-Family-04-Ambasciatori-Cattolica-144x101.jpg 144w\" sizes=\"auto, (max-width: 1000px) 100vw, 1000px\" \/><\/a>\n\t\t\t<\/div><\/figure>\n\t\t<\/div>\n\n<p>Am super ausgestatteten <strong>Strand<\/strong> findet Ihr Kind und auch Sie viel Unterhaltung und Spa\u00df, Dank des <strong>Mini-Club\u2019s und der Animation<\/strong> \u2026 und was bietet Cattolica am Abend ? Viel Unterhaltung f\u00fcr Sie und Ihr Baby und wenn Sie m\u00f6chten, finden Sie vor dem Hotel eine Spielanlage, wo Ihre Kinder nach Belieben vor dem Schlafengehen spielen k\u00f6nnen.<\/p>\n<h3>Sicherer Urlaub f\u00fcr Ihr Kind<\/h3>\n<p>Wenn Ihr Kind w\u00e4hrend Ihres Aufenthaltes einige gesundheitliche Probleme haben sollte, keine Sorge, unser <strong>Kinderarzt ist zu jeder Zeit verf\u00fcgbar.<\/strong> Auch unsere Babysitter freuen sich, Sie f\u00fcr einige Zeit zu ersetzen um mit Ihren Kindern, einige schoene Stunden in Ihrer Abwesendheit zu verbringen. (Babysitter und Kinderarzt sind auf Anfrage und gegen Geb\u00fchr).<\/p>\n<h3>Alles Wesentliche im Hotel<\/h3>\n<p>Wenn Sie mit einem Kind in den Urlaub fahren wei\u00df man nie was man wirklich braucht. Also wir k\u00f6nnen Ihnen sagen, dass was Sie nicht mitbringen m\u00fcssen; denn, Hochstuhl, das Kinderbett, den Kinderwagen, die Babywanne und den Sitz f\u00fcr das Fahrrad k\u00f6nnen Sie sicher zu Hause lassen.<strong> Dies alles finden Sie im Hotel<\/strong>.<\/p>\n<p><strong>Das Lieblings Peluche Ihres Kindes k\u00f6nnen Sie gerne mit in den Urlaub bringen. Er ist bei uns herzlich Willkommen.<\/strong><\/p>\n","protected":false},"excerpt":{"rendered":"<p>Liebe Eltern, Sie werden im Hotel Ambasciatori viele Dienstleistungen f\u00fcr Ihre Kinder finden, so k\u00f6nnen auch Sie einen Urlaub in totaler Entspannung und Freiheit genie\u00dfen An die Mahlzeiten Ihrer Kinder denken wir. Lassen Sie uns Ihre W\u00fcnsche bei Ihrer Ankunft. Das Restaurant ist f\u00fcr Ihre Kinder jeden Tag eine halbe Stunde vor den Mahlzeiten ge\u00f6ffnet, so dass auch Sie sp\u00e4ter in Ruhe essen k\u00f6nnen.\u2026.. TATA MATILDE!! Ein Animator wird jeden &#8230;<\/p>\n","protected":false},"author":1,"featured_media":0,"parent":0,"menu_order":0,"comment_status":"closed","ping_status":"closed","template":"","meta":{"_acf_changed":false},"class_list":["post-2744","page","type-page","status-publish","hentry"],"acf":[],"_links":{"self":[{"href":"https:\/\/www.hotelambasciatoricattolica.it\/de\/wp-json\/wp\/v2\/pages\/2744","targetHints":{"allow":["GET"]}}],"collection":[{"href":"https:\/\/www.hotelambasciatoricattolica.it\/de\/wp-json\/wp\/v2\/pages"}],"about":[{"href":"https:\/\/www.hotelambasciatoricattolica.it\/de\/wp-json\/wp\/v2\/types\/page"}],"author":[{"embeddable":true,"href":"https:\/\/www.hotelambasciatoricattolica.it\/de\/wp-json\/wp\/v2\/users\/1"}],"replies":[{"embeddable":true,"href":"https:\/\/www.hotelambasciatoricattolica.it\/de\/wp-json\/wp\/v2\/comments?post=2744"}],"version-history":[{"count":0,"href":"https:\/\/www.hotelambasciatoricattolica.it\/de\/wp-json\/wp\/v2\/pages\/2744\/revisions"}],"wp:attachment":[{"href":"https:\/\/www.hotelambasciatoricattolica.it\/de\/wp-json\/wp\/v2\/media?parent=2744"}],"curies":[{"name":"wp","href":"https:\/\/api.w.org\/{rel}","templated":true}]}}