{"id":2764,"date":"2018-08-30T10:09:57","date_gmt":"2018-08-30T08:09:57","guid":{"rendered":"https:\/\/www.hotelambasciatoricattolica.it\/pagina-di-esempio\/"},"modified":"2023-01-11T13:04:25","modified_gmt":"2023-01-11T12:04:25","slug":"pagina-di-esempio","status":"publish","type":"page","link":"https:\/\/www.hotelambasciatoricattolica.it\/de\/","title":{"rendered":"3 Sterne Hotel in Cattolica und nur 50 Meter vom Meer entfernt"},"content":{"rendered":"<h2>Hier sind wir \u2026 Willkommen im Hotel Ambasciatori 3 Sterne, der beste Freund f\u00fcr Ihren Urlaub in Cattolica!<\/h2>\n<p>Es befindet sich <strong>nur 50 Meter vom Meer und nur einen kurzen Spaziergang von der Fu\u00dfg\u00e4ngerzone der Via Dante<\/strong>, 3 Sterne Hotel Ambasciatori von Cattolica und alle seine Mitarbeiter in der besten Tradition der Romagna zu begr\u00fc\u00dfen und verw\u00f6hnen warten, und Sie verbringen den Urlaub Schnitt passen Sie, avvolgendoti in einer freundlichen und famili\u00e4ren.<\/p>\n<p>Die Gr\u00fcnde, warum unsere <strong>Hotels in Cattolica 3 Sterne mit Schwimmbad sceglere?<\/strong> Schwer zu fassen \u2026<\/p>\n<ul>\n<li><strong>Schwimmbad mit Whirlpool<\/strong>, Gegenstromanlage, Nackendusche und Kinderbereich;<\/li>\n<li><strong>Restaurant mit Tischservice<\/strong>, weil wir glauben, dass man sich wenigstens im Urlaub bedienen lassen sollte!<\/li>\n<li><strong>Animation am Strand und im Hotel<\/strong> Unsere Kinderbetreuerin k\u00fcmmert sich im Ambasciatori-Club gerne auch um Ihr Kind. Hier kann es mit ihr und anderen Kindern zu Mittag und zu Abend essen. Am Nachmittag gibt es einen kleinen <strong>Imbiss, bevor es an den Strand geht!<\/strong><\/li>\n<li>Absolut <strong>umweltfreundlicher Transfer vom Bahnhof in Cattolica zum Hotel und umgekehrt<\/strong> \u2026 unser Elektroauto wartet am Bahnhof nur auf Sie!<\/li>\n<li><strong>Gratisparkplatz in nur 400 Metern Entfernung zum Hotel (24 Stunden ge\u00f6ffnet)<\/strong> oder Garage in 100 Metern Entfernung gegen Reservierung (Extra-Service)<\/li>\n<li>Lassen Sie sich auch kulinarisch verw\u00f6hnen: <strong>w\u00f6chentlicher Aperitif und gastronomische Themenabende<\/strong> mit der unverzichtbaren <strong>Piadina Romagnola<\/strong><\/li>\n<\/ul>\n<p>Also, worauf warten Sie? Kommen Sie und entdecken \u2026<\/p>\n","protected":false},"excerpt":{"rendered":"<p>Hier sind wir \u2026 Willkommen im Hotel Ambasciatori 3 Sterne, der beste Freund f\u00fcr Ihren Urlaub in Cattolica! Es befindet sich nur 50 Meter vom Meer und nur einen kurzen Spaziergang von der Fu\u00dfg\u00e4ngerzone der Via Dante, 3 Sterne Hotel Ambasciatori von Cattolica und alle seine Mitarbeiter in der besten Tradition der Romagna zu begr\u00fc\u00dfen und verw\u00f6hnen warten, und Sie verbringen den Urlaub Schnitt passen Sie, avvolgendoti in einer freundlichen &#8230;<\/p>\n","protected":false},"author":1,"featured_media":0,"parent":0,"menu_order":0,"comment_status":"closed","ping_status":"closed","template":"","meta":{"_acf_changed":false},"class_list":["post-2764","page","type-page","status-publish","hentry"],"acf":[],"_links":{"self":[{"href":"https:\/\/www.hotelambasciatoricattolica.it\/de\/wp-json\/wp\/v2\/pages\/2764","targetHints":{"allow":["GET"]}}],"collection":[{"href":"https:\/\/www.hotelambasciatoricattolica.it\/de\/wp-json\/wp\/v2\/pages"}],"about":[{"href":"https:\/\/www.hotelambasciatoricattolica.it\/de\/wp-json\/wp\/v2\/types\/page"}],"author":[{"embeddable":true,"href":"https:\/\/www.hotelambasciatoricattolica.it\/de\/wp-json\/wp\/v2\/users\/1"}],"replies":[{"embeddable":true,"href":"https:\/\/www.hotelambasciatoricattolica.it\/de\/wp-json\/wp\/v2\/comments?post=2764"}],"version-history":[{"count":0,"href":"https:\/\/www.hotelambasciatoricattolica.it\/de\/wp-json\/wp\/v2\/pages\/2764\/revisions"}],"wp:attachment":[{"href":"https:\/\/www.hotelambasciatoricattolica.it\/de\/wp-json\/wp\/v2\/media?parent=2764"}],"curies":[{"name":"wp","href":"https:\/\/api.w.org\/{rel}","templated":true}]}}