{"id":3045,"date":"2017-01-19T15:59:32","date_gmt":"2017-01-19T14:59:32","guid":{"rendered":"https:\/\/www.hotelambasciatoricattolica.it\/privacy\/"},"modified":"2019-03-28T16:30:16","modified_gmt":"2019-03-28T15:30:16","slug":"privacy","status":"publish","type":"page","link":"https:\/\/www.hotelambasciatoricattolica.it\/de\/privacy\/","title":{"rendered":"Datenschutzrichtlinie"},"content":{"rendered":"<h2>INFORMATION ZUR VERARBEITUNG DER PERSONENBEZOGENEN DATEN<\/h2>\n<p>In der vorliegenden Information werden die Modalit\u00e4ten der Verwaltung der Website hinsichtlich der Verarbeitung der personenbezogenen Daten der Besucher und Kunden beschrieben, die sie konsultieren. Es handelt sich um eine Information gem\u00e4\u00df den Bestimmungen von \u00a7\u00a0der EU-Verordnung Nr.\u00a0679\/2016 &#8211; im Folgenden DSGV &#8211; f\u00fcr diejenigen, die mit den Web-Dienstleistungen der Gesellschaft AMBASCIATORI\u00a0S.R.L. interagieren, Eigentum des Rechtsinhabers der Website WWW.HOTELAMBASCIATORICATTOLICA.it, zug\u00e4nglich \u00fcber die Adresse: WWW.HOTELAMBASCIATORICATTOLICA.it, die der Homepage der offiziellen Website von Hotel\u00a0AMBASCIATORI entspricht. Die Information wird nur f\u00fcr die Website erteilt WWW.HOTELAMBASCIATORICATTOLICA.it und nicht f\u00fcr eventuelle andere Websites, die der Benutzer \u00fcber Links konsultieren kann.<\/p>\n<p><strong>DER &#8222;RECHTSINHABER&#8220; DER VERARBEITUNG<\/strong><\/p>\n<p>Nach der Konsultation dieser Website k\u00f6nnen die Daten von identifizierten oder identifizierbaren Personen verarbeitet werden. Der &#8222;Rechtsinhaber&#8220; ihrer Verarbeitung ist AMBASCIATORI\u00a0S.R.L. mit Anschrift in Via Carducci\u00a0145, 47841 Cattolica (RN), eingeschrieben in das Unternehmensregister von Rimini.<\/p>\n<p><strong>ORT DER DATENVERARBEITUNG<\/strong><\/p>\n<p>Die Verarbeitung und die Erfassung der personenbezogenen Daten der im Rahmen der Web-Dienstleistungen dieser Website erfolgt bei der Gesellschaft AMBASCIATORI\u00a0S.R.L. durch automatische Hilfsmittel.<\/p>\n<p><strong>ZWECKE DER DATENVERARBEITUNG<\/strong><\/p>\n<p>Die personenbezogenen Daten der Benutzer werden f\u00fcr die Zeit erfasst und verarbeitet, die f\u00fcr die Zwecke, f\u00fcr die sie erfasst werden, unbedingt erforderlich ist, im Einzelnen:<\/p>\n<ul>\n<li>f\u00fcr Zwecke, die direkte mit der Dienstleistung f\u00fcr die Reservierung der von HOTEL\u00a0AMBASCIATORI angebotenen Zimmer in Zusammenhang stehen;<\/li>\n<li>zur Erhebung statistischer Informationen zur Nutzung der Software sowie zur \u00dcberwachung ihres ordnungsgem\u00e4\u00dfen Betriebs;<\/li>\n<li>f\u00fcr die eventuelle Zusendung von Informationsmaterial, kaufm\u00e4nnischem Material und Werbematerial (f\u00fcr Marketing-Zwecke) zu Dienstleistungen von HOTEL\u00a0AMBASCIATORI im Fall der spezifische Autorisierung durch den betroffenen;<\/li>\n<li>zur \u00dcberwachung der Qualit\u00e4t der Dienstleistung und des Grads der Zufriedenheit der Kunden (nach Zustimmung des Benutzers), sowohl direkt, als auch gegebenenfalls in Zusammenarbeit mit spezialisierten Dienstleistern;<\/li>\n<\/ul>\n<p>Die personenbezogenen Daten werden vom Rechtsinhaber der Verarbeitung auch f\u00fcr die Verfolgung legitimer Interessen erfasst und verarbeitet, darunter:<\/p>\n<ul>\n<li>die Abwicklung gesetzlicher Pflichten (zum Beispiel die IT-\u00dcbermittlung der Daten an die Staatspolizei zur Erf\u00fcllung der Pflichten gem\u00e4\u00df den Bestimmungen von \u00a7\u00a0109 T.U.L.P.S. &#8211; Meldung der G\u00e4ste an das Polizeipr\u00e4sidium);<\/li>\n<li>Schutz gegen Betrug;<\/li>\n<li>Sicherheitsma\u00dfnahmen;<\/li>\n<li>f\u00fcr die Meldung von Straftaten an die Gerichtsbeh\u00f6rden.<\/li>\n<\/ul>\n<p><strong>ART UND WEISE DER VERARBEITUNG<\/strong><\/p>\n<p>Die Verarbeitung der \u00fcber die Website HOTEL\u00a0AMBASCIATORI erfassten personenbezogenen Daten erfolgt auf juristischer Grundlage der Zustimmung des Betroffenen, die durch Antrag auf L\u00f6schung durch den Betroffenen jederzeit widerrufen werden kann. Die Verarbeitung erfolgt in automatisierter und\/oder manueller Form gem\u00e4\u00df den Bestimmungen von \u00a7\u00a032 DSGV\u00a02016\/679 zu den Sicherheitsma\u00dfnahmen durch den vorgenannten Rechtsinhaber der Verarbeitung gem\u00e4\u00df den Bestimmungen von \u00a7\u00a029 DSGV\u00a02016\/ 679. Auf Grundlage der Prinzipien der Gesetzlichkeit, der Begrenzung der Zwecke sowie der Minimierung der Daten gem\u00e4\u00df den Bestimmungen von \u00a7\u00a05 DSGV\u00a02016\/679 nach freiwilliger und ausdr\u00fccklicher Zustimmung auf der Website. WWW.HOTELAMBASCIATORICATTOLICA.it Die personenbezogenen Daten werden f\u00fcr den Zeitraum aufbewahrt, der f\u00fcr die Erzielung der Zwecke erforderlich ist, f\u00fcr die sie erfasst und verarbeitet werden. Nach der Erfassung werden die Daten sowohl auf Papier, als auch in elektronischem Format in Datenarchive eingef\u00fcgt und katalogisiert sowie vom Rechtsinhaber der Verarbeitung verwaltet und aufbewahrt. Zur Verhinderung des Verlusts von Daten, der gesetzwidrigen oder unkorrekten Benutzung und des unbefugten Zugriffs werden vom Rechtsinhaber spezifische Sicherheitsma\u00dfnahmen angewendet.<\/p>\n<p><strong>TYPEN VON VERARBEITETEN DATEN<\/strong><\/p>\n<p>Pers\u00f6nliche Daten des Benutzers (Registrierungsdaten). Der Benutzer muss f\u00fcr die Nutzung der Reservierungsdienstleistung der Website WWW.HOTELAMBASCIATORICATTOLICA.it das Registrierungsformular ausf\u00fcllen und spezifische Informationen angeben. Die Daten, die f\u00fcr die Erbringung der Dienstleistung unverzichtbar sind, sind mit einem Asterisk gekennzeichnet. Die Verweigerung der Angabe der mit einem Asterisk gekennzeichneten Daten f\u00fchrt dazu, dass die vom Benutzer angeforderte Dienstleistung nicht erbracht werden kann. Weitere Daten, die f\u00fcr die Erbringung er Dienstleistung nicht erforderlich sind, k\u00f6nnen abgefragt werden, ihre Angabe erfolgt jedoch vollkommen freiwillig und die Verweigerung der Angabe dieser Informationen beeintr\u00e4chtigt die Erbringung der vom Benutzer angeforderten Dienstleistung nicht. Navigationsdaten: Die IT-System und die Software-Verfahren f\u00fcr den Betrieb dieser Website erfassen w\u00e4hrend ihres normalen Betriebs einige personenbezogene Daten, deren \u00dcbertragung in die Nutzung der Internet-Kommunikationsprotokolle impliziert ist. Es handelt sich um Informationen, die nicht erfasst werden, um identifizierten Betroffenen zugeordnet zu werden, die jedoch aufgrund ihrer Natur durch die Verarbeitung und die Zuordnung zu Daten von Dritten die Identifizierung der Benutzer gestatten k\u00f6nnten. In diese Datenkategorie fallen die IP-Adressen oder die Domain-Namen der von den Benutzern verwendeten Computer, die sich mit der Website verbinden, die URI-Adressen (Uniform Resource Identifier) der angeforderten Ressourcen, die Uhrzeit der Anfrage, das f\u00fcr die \u00dcbermittlung der Anfrage an den Server verwendete Verfahren, die Gr\u00f6\u00dfe der erhaltenen Antwortdatei, die numerische Code zur Identifizierung des Status der Antwort des Servers (ordnungsgem\u00e4\u00df, Fehler usw.) sowie weitere Parameter des Betriebssystems und der IT-Umgebung des Benutzers. Diese Daten werden nur verwendet, um anonyme statistische Daten \u00fcber die Nutzung der Website zu gewinnen und um ihren ordnungsgem\u00e4\u00dfen Betrieb zu \u00fcberwachen und sie werden nach der Verarbeitung umgehend gel\u00f6scht. Vom Benutzer freiwillig angegebene Daten Die fakultative, explizite und freiwillige Sendung von E-Mails an die auf dieser Website angegebenen Adressen f\u00fchrt zur Erfassung der E-Mail-Adresse des Absenders, die zur Beantwortung der Anfrage erforderlich ist, sowie eventueller weiterer personenbezogener Daten der Nachricht.<\/p>\n<p><strong>\u00dcBERTRAGUNG VON PERSONENBEZOGENEN DATEN<\/strong><\/p>\n<p>Die Daten der Betroffenen, die auf der Website erfasst werden, WWW.HOTELAMBASCIATORICATTOLICA.itwerden weder in Mitgliedsstaaten der Europ\u00e4ischen Union, noch in Drittl\u00e4nder \u00fcbermittelt, die nicht der Europ\u00e4ischen Union angeh\u00f6ren.<\/p>\n<p><strong>VORHANDENSEIN EINES AUTOMATISIERTEN ENTSCHEIDUNGSPROZESSES, EINSCHLIESSLICH DER PROFILIERUNG<\/strong><\/p>\n<p>AMBASCIATORI\u00a0S.R.L. verwendet keine automatisierten Entscheidungsprozesse, einschlie\u00dflich der Profilierung, gem\u00e4\u00df den Bestimmungen von \u00a7\u00a022, Abschnitte\u00a01 und 4 der EU-Verordnung Nr.\u00a0679\/2016.<\/p>\n<p><strong>BEREICH DER KOMMUNIKATION UND VERBREITUNG<\/strong><\/p>\n<p>Die erfassten Daten werden ohne explizite Zustimmung des Betroffenen nicht verbreitet oder Dritten mitgeteilt, vorbehaltlich der Mitteilungen, die zur Erf\u00fcllung gesetzlicher Pflichten erforderlich sind.<\/p>\n<p><strong>COOKIES<\/strong><\/p>\n<p>AMBASCIATORI\u00a0S.R.L. verwendet auf der eigenen Website Cookies, das hei\u00dft, alphanumerische Identifizierungselemente, die vom Browser erstellt und auf dem Computer des Benutzers gespeichert werden, die es gestatten, das Peripherieger\u00e4t des Benutzers zu erkennen und die zur Optimierung der Nutzung der Website sowie der damit in Zusammenhang stehenden Dienstleistungen n\u00fctzlich sind. Genauer gesagt k\u00f6nnen auf der Website die folgenden Cookies vorhanden sein:<\/p>\n<p><strong>Unbedingt erforderliche Cookies:<\/strong><\/p>\n<p>zur Erbringung von angeforderten Dienstleistungen und wesentlich, um es dem Benutzer zu gestatten, auf der Website zu navigieren und ihre Eigenschaften zu nutzen, ohne die einige Dienstleistungen (zum Beispiel Zimmerreservierung) nicht erbracht werden k\u00f6nnen.<\/p>\n<p><strong>Funktionelle Cookies:<\/strong><\/p>\n<p>die es gestatten, vorgenommene Entscheidungen (z.\u00a0B. Name, Sprache, Region, Schriftart und Zeichengr\u00f6\u00dfe des Texts) zu speichern und die optimierte und personalisierte Eigenschaften f\u00fcr eine bessere Online-Erfahrung liefern.<\/p>\n<p><strong>Technische\/analytische Cookies<\/strong><\/p>\n<p>erfassen anonyme Informationen zu den besuchten Seiten, die f\u00fcr statistische Zwecke verwendet werden.<\/p>\n<p><strong>Persistente Cookies:<\/strong><\/p>\n<p>zum Tracking der Benutzer, verwendet zur Personalisierung und Verbesserung der Website.<\/p>\n<p><strong>Stitzungs-Cookies:<\/strong><\/p>\n<p>(die nicht persistent auf dem Computer des Benutzers abgespeichert werden und die beim Schlie\u00dfen des Browser gel\u00f6scht werden), streng begrenzt auf die \u00dcbertragung der daten zur Identifizierung der Sitzung (bestehend aus vom Server zufallsgenerierten Ziffern), erforderlich zur sicheren und effizienten Navigation auf der Website sowie zur Vermeidung des Einsatzes anderer IT-Techniken, die die Vertraulichkeit der Navigation der Benutzer potentiell beeintr\u00e4chtigen. Die Cookies k\u00f6nnen vom Benutzer mit den Funktionen des eigenen Navigationsprogramms gel\u00f6scht werden. Die ausdr\u00fccklich verweigerte Annahme k\u00f6nnte jedoch in einigen F\u00e4llen dazu f\u00fchren, dass eine Dienstleistung nicht in Anspruch genommen oder dass eine Anfrage des Benutzers nicht korrekt bearbeitet werden kann.<\/p>\n<p><strong>Cookies und Widgets von Social\u00a0Media und Dritten:<\/strong><\/p>\n<p>W\u00e4hrend der Benutzung der Website ist es m\u00f6glich, auf Informationen zuzugreifen, die sich nicht auf das HOTEL\u00a0AMBASCIATORI beziehen, sondern auf Dritte, die eigene Cookies senden k\u00f6nnten. Auf der Website www.hotelambasciatoricattolica.it sind die folgenden Cookies Dritter vorhanden: Google, Tripadvisor, Facebook. Die Gesellschaft hat keinerlei Zugang oder Kontrolle \u00fcber diese Cookies und diesbez\u00fcglich wird auf die Informationen der entsprechenden Gesellschaften verwiesen.<\/p>\n<p><strong>RECHTE DER BETROFFENEN<\/strong><\/p>\n<p><strong>Recht auf Zugang und Berichtigung:<\/strong><\/p>\n<p>Die betroffenen Subjekte haben mit Bezug auf die vom Rechtsinhaber verarbeiteten personenbezogenen Daten gem\u00e4\u00df 2 DSGV das Recht:<\/p>\n<ul>\n<li>auf Zugang zu diesen Daten;<\/li>\n<li>auf die Berichtigung oder die L\u00f6schung derselben;<\/li>\n<li>auf die Begrenzung ihrer Verarbeitung;<\/li>\n<li>auf Widerspruch gegen ihre Verarbeitung.<\/li>\n<\/ul>\n<p><strong>Recht auf L\u00f6schung:<\/strong><\/p>\n<p>I betroffene Subjekte haben au\u00dferdem das Recht auf Beantragung der unverz\u00fcglichen L\u00f6schung der eigenen personenbezogenen Daten durch Aus\u00fcbung des Rechts gem\u00e4\u00df den Bestimmungen von \u00a7\u00a017 DSGV, falls einer der folgenden Gr\u00fcnde gegeben ist:<\/p>\n<ul>\n<li>die personenbezogenen Daten sind nicht mehr erforderlich f\u00fcr die Zwecke, f\u00fcr die sie erfasst oder verarbeitet worden sind;<\/li>\n<li>der Betroffene widerruft die Zustimmung, auf deren Grundlage die Verarbeitung gem\u00e4\u00df den Bestimmungen von \u00a7\u00a06, Absatz\u00a01, Punkt\u00a0a), oder \u00a7\u00a09, Absatz\u00a02, Punkt\u00a0a) DSGV erfolgt und falls keine sonstige juristische Grundlage f\u00fcr die Verarbeitung besteht;<\/li>\n<li>der Betroffene widersetzt sich der Verarbeitung gem\u00e4\u00df den Bestimmungen von \u00a7\u00a021, Absatz\u00a01 und es besteht kein vorrangiger Grund f\u00fcr die Verarbeitung, oder er widersetzt sich der Verarbeitung gem\u00e4\u00df den Bestimmungen von \u00a7\u00a021, Absatz\u00a02 DSGV;<\/li>\n<li>die personenbezogenen Daten werden gesetzwidrig verarbeitet;<\/li>\n<li>die personenbezogenen Daten m\u00fcssen zur Erf\u00fcllung einer gesetzlichen Pflicht des Rechts der Europ\u00e4ischen Union oder des Rechts des Mitgliedsstaates, dem der Rechtsinhaber der Verarbeitung unterliegt, gel\u00f6scht werden;<\/li>\n<li>die Daten wurden f\u00fcr ein Angebot von Dienstleistungen der Gesellschaft an Minderj\u00e4hrige erfasst.<\/li>\n<\/ul>\n<p>Der Rechtsinhaber der Verarbeitung ist, falls er personenbezogene Daten \u00f6ffentlich zug\u00e4nglich gemacht hat, und ist verpflichtet zu ihrer L\u00f6schung, unter Ber\u00fccksichtigung der verf\u00fcgbaren Technologie und der Durchf\u00fchrungskosten, wendet die angemessenen &#8211; auch technischen &#8211; Ma\u00dfnahmen an, um die Rechtsinhaber der Verarbeitung, die die personenbezogenen Daten verarbeiten, \u00fcber den Antrag des Betroffenen auf L\u00f6schung aller Links, Kopien oder Wiedergaben seiner personenbezogenen Daten zu informieren. Das Recht auf Vergessen kann vom Betroffenen nicht ausge\u00fcbt werden, soweit die Verarbeitung erforderlich ist:<\/p>\n<p>a. f\u00fcr die Aus\u00fcbung des Rechts auf Ausdrucks- und Informationsfreiheit;<\/p>\n<p>b. zur Erf\u00fcllung einer gesetzlichen Pflicht, die die Verarbeitung erforderlich macht, vorgesehen vom Recht der Europ\u00e4ischen Union oder des Mitgliedsstaates, dem der Rechtsinhaber der Verarbeitung unterliegt, oder zur Abwicklung einer Pflicht im \u00f6ffentlichen Interesse oder aber zur Aus\u00fcbung \u00f6ffentlicher Vollmachten, die den Rechtsinhaber der Verarbeitung betreffen;<\/p>\n<p>c. aus Gr\u00fcnden des \u00f6ffentlichen Interesses im Bereich der \u00f6ffentlichen Gesundheit gem\u00e4\u00df den Bestimmungen von \u00a7\u00a09, Absatz\u00a02, Punkte\u00a0h) und i) sowie \u00a7\u00a09, Absatz\u00a03 DSGV;<\/p>\n<p>d. f\u00fcr Zwecke der Archivierung im \u00f6ffentlichen Interesse, der wissenschaftlichen oder historischen Forschung oder f\u00fcr statistische Zwecke gem\u00e4\u00df den Bestimmungen von \u00a7\u00a089, Absatz 1 DSGV, in dem Ausma\u00df, in dem das Recht auf Vergessen das Risiko darstellt, die Verfolgung der Zecke dieser Verarbeitung unm\u00f6glich zu machen oder schwer zu beeintr\u00e4chtigen;<\/p>\n<p>e. zur Pr\u00fcfung, zur Aus\u00fcbung oder zur Verteidigung eines Rechts vor Gericht.<\/p>\n<p><strong>Recht auf Begrenzung der Verarbeitung:<\/strong><\/p>\n<p>Der Betroffene hat das Recht, beim Rechtsinhaber der Verarbeitung die Begrenzung der Verarbeitung gem\u00e4\u00df den Bestimmungen von \u00a7\u00a018 DSGV zu erwirken , wenn er die Exaktheit der personenbezogenen Daten beanstandet, f\u00fcr den Zeitraum, der f\u00fcr den Rechtsinhaber der Verarbeitung f\u00fcr die \u00dcberpr\u00fcfung der Exaktheit dieser personenbezogenen Daten erforderlich ist; die Verarbeitung ist gesetzwidrig und der Betroffene widersetzt sich der L\u00f6schung der personenbezogenen Daten und fordert hingegen die Begrenzung der Nutzung; soweit sie f\u00fcr den Rechtsinhaber der Verarbeitung nicht f\u00fcr die Zwecke der Verarbeitung erforderlich sind, sind die personenbezogenen Daten erforderlich f\u00fcr den Betroffenen erforderlich f\u00fcr die Pr\u00fcfung, die Aus\u00fcbung oder die Verteilung eines Rechts vor Gericht; der Betroffene hat sich der Verarbeitung in Erwartung der Pr\u00fcfung der eventuellen Vorrangigkeit der rechtm\u00e4\u00dfigen Gr\u00fcnde des Rechtsinhabers der Verarbeitung widersetzt, bezogen auf die des Betroffenen.<\/p>\n<p><strong>Recht auf Portabilit\u00e4t der Daten:<\/strong><\/p>\n<p>Der betroffene hat au\u00dferdem das Recht auf Portabilit\u00e4t der Daten gem\u00e4\u00df den Bestimmungen von \u00a7\u00a020 DSGV und auf Erhalt der ihn betreffenden personenbezogenen Daten in einem strukturierten, \u00fcblichen und automatisch lesbaren Format vom Rechtsinhaber der Verarbeitung sowie das Recht auf \u00dcbermittlung dieser Daten an einen anderen Rechtsinhaber der Verarbeitung ohne Beeintr\u00e4chtigung durch den Rechtsinhaber der Verarbeitung, der sie geliefert hat, falls die Verarbeitung auf der Zustimmung zur Verarbeitung der eigenen personenbezogenen Daten f\u00fcr einen oder mehrere Zwecke beruht und falls die Verarbeitung mit automatisierten Hilfsmitteln erfolgt.<\/p>\n<p><strong>Widerspruchsrecht:<\/strong><\/p>\n<p>Der Betroffene hat schlie\u00dflich jederzeit das Recht auf Verweigerung gem\u00e4\u00df den Bestimmungen von \u00a7\u00a021\u00a0DSGV, aus Gr\u00fcnde, die mit seiner besonderen Situation in Zusammenhang stehen, der Verarbeitung der ihn betreffenden personenbezogenen Daten, die von ihm dem Rechtsinhaber der Verarbeitung f\u00fcr einen oder mehrere spezifische Zwecke angegeben worden sind.<\/p>\n<p><strong>ANTR\u00c4GE AUF AUS\u00dcBUNG DER RECHTE DES BETROFFENEN<\/strong><\/p>\n<p>Die Antr\u00e4ge auf Aus\u00fcbung der eigenen Rechte m\u00fcssen vom Betroffenen an die folgende E-Mail-Adresse gerichtet werden: ambasciatori@tombarihotels.com oder per Einschreiben mit R\u00fcckschein an HOTEL\u00a0AMBASCIATORI\u00a0S.R.L. mit Anschrift in VIA CARDUCCI 145, 47841\u00a0CATTOLICA\u00a0(RN).<\/p>\n<p><strong>BEANSTANDUNG BEI DER AUFSICHTSBEH\u00d6RDE<\/strong><\/p>\n<p>Vorbehaltlich aller anderen verwaltungstechnischen oder juristischen Beschwerden hat der Betroffene, der der Auffassung ist, dass die Verarbeitung die Bestimmungen der DSGV verletzt, das Recht, eine Beanstandung bei der Aufsichtsbeh\u00f6rde des Mitgliedsstaates vorzunehmen, in der er seinen Sitz hat, in dem er arbeitet oder an dem Ort, an dem es zu der vermeintlichen Verletzung gekommen ist, gem\u00e4\u00df den Bestimmungen von \u00a7\u00a077 DSGV. F\u00fcr die Zwecke der vorliegenden Information zum Datenschutz erfolgt gem\u00e4\u00df den Bestimmungen von \u00a7\u00a04, Absatz\u00a0I, Nr.\u00a023) DSGV die Verarbeitung der personenbezogenen Daten auf der betreffenden Website durch HOTEL\u00a0AMBASCIATORI der Gesellschaft AMBASCIATORI\u00a0S.R.L. im Rahmen der Aktivit\u00e4ten eines einzigen Sitzes in der Europ\u00e4ischen Union und sich in wesentlicher Weise auf Interessen in mehr als einem Mitgliedsstaat auswirkt oder auswirken kann. Aus diesem Grund kann sich der Betroffene mit Sitz im Territorium eines Mitgliedsstaat, der von dem des Sitzes verschieden ist, an die Aufsichtsbeh\u00f6rde des Lands der Union wenden, in dem er seinen Sitz hat.<\/p>\n","protected":false},"excerpt":{"rendered":"<p>INFORMATION ZUR VERARBEITUNG DER PERSONENBEZOGENEN DATEN In der vorliegenden Information werden die Modalit\u00e4ten der Verwaltung der Website hinsichtlich der Verarbeitung der personenbezogenen Daten der Besucher und Kunden beschrieben, die sie konsultieren. Es handelt sich um eine Information gem\u00e4\u00df den Bestimmungen von \u00a7\u00a0der EU-Verordnung Nr.\u00a0679\/2016 &#8211; im Folgenden DSGV &#8211; f\u00fcr diejenigen, die mit den Web-Dienstleistungen der Gesellschaft AMBASCIATORI\u00a0S.R.L. interagieren, Eigentum des Rechtsinhabers der Website WWW.HOTELAMBASCIATORICATTOLICA.it, zug\u00e4nglich \u00fcber die Adresse: WWW.HOTELAMBASCIATORICATTOLICA.it, &#8230;<\/p>\n","protected":false},"author":1,"featured_media":0,"parent":0,"menu_order":0,"comment_status":"closed","ping_status":"closed","template":"","meta":{"_acf_changed":false},"class_list":["post-3045","page","type-page","status-publish","hentry"],"acf":[],"_links":{"self":[{"href":"https:\/\/www.hotelambasciatoricattolica.it\/de\/wp-json\/wp\/v2\/pages\/3045","targetHints":{"allow":["GET"]}}],"collection":[{"href":"https:\/\/www.hotelambasciatoricattolica.it\/de\/wp-json\/wp\/v2\/pages"}],"about":[{"href":"https:\/\/www.hotelambasciatoricattolica.it\/de\/wp-json\/wp\/v2\/types\/page"}],"author":[{"embeddable":true,"href":"https:\/\/www.hotelambasciatoricattolica.it\/de\/wp-json\/wp\/v2\/users\/1"}],"replies":[{"embeddable":true,"href":"https:\/\/www.hotelambasciatoricattolica.it\/de\/wp-json\/wp\/v2\/comments?post=3045"}],"version-history":[{"count":0,"href":"https:\/\/www.hotelambasciatoricattolica.it\/de\/wp-json\/wp\/v2\/pages\/3045\/revisions"}],"wp:attachment":[{"href":"https:\/\/www.hotelambasciatoricattolica.it\/de\/wp-json\/wp\/v2\/media?parent=3045"}],"curies":[{"name":"wp","href":"https:\/\/api.w.org\/{rel}","templated":true}]}}