{"id":2500,"date":"2016-12-23T11:10:32","date_gmt":"2016-12-23T10:10:32","guid":{"rendered":"https:\/\/www.hotelambasciatoricattolica.it\/riepilogo-offerte\/"},"modified":"2019-02-19T10:48:34","modified_gmt":"2019-02-19T09:48:34","slug":"offre-resume","status":"publish","type":"page","link":"https:\/\/www.hotelambasciatoricattolica.it\/fr\/offre-resume\/","title":{"rendered":"Les offres de vacances \u00e0 Cattolica"},"content":{"rendered":"<h2>D\u00e9couvrez les meilleures offres pour vos vacances \u00e0 Cattolica!<\/h2>\n<p>R\u00e9ductions pour les enfants, les plans de la famille, des propositions pour des s\u00e9jours de bien-\u00eatre, et des avantages pour ceux qui aiment le plaisir et les parcs.<\/p>\n","protected":false},"excerpt":{"rendered":"<p>D\u00e9couvrez les meilleures offres pour vos vacances \u00e0 Cattolica! R\u00e9ductions pour les enfants, les plans de la famille, des propositions pour des s\u00e9jours de bien-\u00eatre, et des avantages pour ceux qui aiment le plaisir et les parcs.<\/p>\n","protected":false},"author":1,"featured_media":0,"parent":0,"menu_order":0,"comment_status":"closed","ping_status":"closed","template":"template\/template.offerte.php","meta":{"_acf_changed":false},"class_list":["post-2500","page","type-page","status-publish","hentry"],"acf":[],"_links":{"self":[{"href":"https:\/\/www.hotelambasciatoricattolica.it\/fr\/wp-json\/wp\/v2\/pages\/2500","targetHints":{"allow":["GET"]}}],"collection":[{"href":"https:\/\/www.hotelambasciatoricattolica.it\/fr\/wp-json\/wp\/v2\/pages"}],"about":[{"href":"https:\/\/www.hotelambasciatoricattolica.it\/fr\/wp-json\/wp\/v2\/types\/page"}],"author":[{"embeddable":true,"href":"https:\/\/www.hotelambasciatoricattolica.it\/fr\/wp-json\/wp\/v2\/users\/1"}],"replies":[{"embeddable":true,"href":"https:\/\/www.hotelambasciatoricattolica.it\/fr\/wp-json\/wp\/v2\/comments?post=2500"}],"version-history":[{"count":0,"href":"https:\/\/www.hotelambasciatoricattolica.it\/fr\/wp-json\/wp\/v2\/pages\/2500\/revisions"}],"wp:attachment":[{"href":"https:\/\/www.hotelambasciatoricattolica.it\/fr\/wp-json\/wp\/v2\/media?parent=2500"}],"curies":[{"name":"wp","href":"https:\/\/api.w.org\/{rel}","templated":true}]}}