{"id":2725,"date":"2019-02-05T15:51:30","date_gmt":"2019-02-05T14:51:30","guid":{"rendered":"https:\/\/www.hotelambasciatoricattolica.it\/pets-friendly-hotel\/"},"modified":"2019-03-25T11:36:41","modified_gmt":"2019-03-25T10:36:41","slug":"amis-les-animaux","status":"publish","type":"page","link":"https:\/\/www.hotelambasciatoricattolica.it\/fr\/amis-les-animaux\/","title":{"rendered":"Pet&rsquo;s friendly hotel"},"content":{"rendered":"<h2>Les vacances approchent et vous ne savez pas o\u00f9 laisser votre ami \u00e0 quatre pattes ???<\/h2>\n<p><strong>Venez \u00e0 nous et vous pouvez me prendre avec vous!<\/strong> Lui aussi, il aura besoin d\u2019un peu de relax \ud83d\ude42. A l\u2019 Hotel Ambasciatori trouverez:<\/p>\n<ul>\n<li><strong>DOG\u2019S BAR<\/strong>:<strong> qui, apr\u00e8s une promenade, ne voudrait pas pour trouver de l\u2019eau douce? ici vous trouverez une petite salle \u00e0 manger d\u00e9di\u00e9e juste pour nos amis<\/strong><\/li>\n<li><strong>DOG\u2019S BEACH<\/strong>:\u00a0pourquoi ne pas profiter de la plage et de la mer, m\u00eame \u00e0 votre ami? <strong>Altamarea Beach Village<\/strong>, la seule plage de Cattolica, avec <strong>un v\u00e9ritable \u00ab Bau Beach \u00bb \u00e9quip\u00e9s<\/strong> pour les recevoir, se fera un plaisir de vous accueillir! www.altamareabeachvillage.it\/IT\/Bau-Beach\/<\/li>\n<\/ul>\n<p>* Votre ami sera accueilli dans les parties communes de la propri\u00e9t\u00e9, \u00e0 l\u2019exception de la salle \u00e0 manger.<br \/>\n** Il sera ajout\u00e9 \u00e0 votre devis pour un petit suppl\u00e9ment de \u20ac 20,00 total pour la d\u00e9sinfection finale de la chambre<\/p>\n","protected":false},"excerpt":{"rendered":"<p>Les vacances approchent et vous ne savez pas o\u00f9 laisser votre ami \u00e0 quatre pattes ??? Venez \u00e0 nous et vous pouvez me prendre avec vous! Lui aussi, il aura besoin d\u2019un peu de relax \ud83d\ude42. A l\u2019 Hotel Ambasciatori trouverez: DOG\u2019S BAR: qui, apr\u00e8s une promenade, ne voudrait pas pour trouver de l\u2019eau douce? ici vous trouverez une petite salle \u00e0 manger d\u00e9di\u00e9e juste pour nos amis DOG\u2019S BEACH:\u00a0pourquoi &#8230;<\/p>\n","protected":false},"author":1,"featured_media":0,"parent":0,"menu_order":0,"comment_status":"closed","ping_status":"closed","template":"","meta":{"_acf_changed":false},"class_list":["post-2725","page","type-page","status-publish","hentry"],"acf":[],"_links":{"self":[{"href":"https:\/\/www.hotelambasciatoricattolica.it\/fr\/wp-json\/wp\/v2\/pages\/2725","targetHints":{"allow":["GET"]}}],"collection":[{"href":"https:\/\/www.hotelambasciatoricattolica.it\/fr\/wp-json\/wp\/v2\/pages"}],"about":[{"href":"https:\/\/www.hotelambasciatoricattolica.it\/fr\/wp-json\/wp\/v2\/types\/page"}],"author":[{"embeddable":true,"href":"https:\/\/www.hotelambasciatoricattolica.it\/fr\/wp-json\/wp\/v2\/users\/1"}],"replies":[{"embeddable":true,"href":"https:\/\/www.hotelambasciatoricattolica.it\/fr\/wp-json\/wp\/v2\/comments?post=2725"}],"version-history":[{"count":0,"href":"https:\/\/www.hotelambasciatoricattolica.it\/fr\/wp-json\/wp\/v2\/pages\/2725\/revisions"}],"wp:attachment":[{"href":"https:\/\/www.hotelambasciatoricattolica.it\/fr\/wp-json\/wp\/v2\/media?parent=2725"}],"curies":[{"name":"wp","href":"https:\/\/api.w.org\/{rel}","templated":true}]}}