{"id":2743,"date":"2019-02-05T10:49:50","date_gmt":"2019-02-05T09:49:50","guid":{"rendered":"https:\/\/www.hotelambasciatoricattolica.it\/family-hotel-a-cattolica\/"},"modified":"2023-01-11T15:35:26","modified_gmt":"2023-01-11T14:35:26","slug":"hotel-pour-familles-cattolica","status":"publish","type":"page","link":"https:\/\/www.hotelambasciatoricattolica.it\/fr\/hotel-pour-familles-cattolica\/","title":{"rendered":"H\u00f4tels pour familles Cattolica \u2026 de nombreux services d\u00e9di\u00e9s \u00e0 votre enfant"},"content":{"rendered":"<h2>Chers p\u00e8res et m\u00e8res, les Hotel Ambasciatori trouveront de nombreux services pour les enfants, de sorte que vous pouvez \u00e9galement passer des vacances en toute relax et de libert\u00e9 \u2026<\/h2>\n<p>Les <strong>repas de vos enfants, nous pensons<\/strong>, sera suffisant pour nous informer de vos besoins \u00e0 l\u2019arriv\u00e9e. La salle \u00e0 manger est ouverte pour les plus petits, tous les jours de demi-heure avant les repas afin qu\u2019ils puissent manger en paix.\u2026.. LA TATA MATILDE!!<\/p>\n<p>Un\u2018 <strong>animateur sera pr\u00e9sent \u00e0 l\u2019h\u00f4tel tous les jours pour accueillir et divertir vos enfants au moment des repas<\/strong>, vous permettant parents ont d\u00e9jeuner et le d\u00eener dans la paix; <strong>les enfants \u00e2g\u00e9s de 4 \u00e0 12 ans peuvent manger ensemble<\/strong>, sous la supervision de notre fille! Et pour les enfants de moins de 4 ans, pas de probl\u00e8me! Eux aussi peuvent faire partie des jeux de groupe si accompagn\u00e9s de leurs parents!<\/p>\n<p>En outre, si votre enfant veut faire un <strong>peu de go\u00fbter avant d\u2019aller vous amuser \u00e0 la plage<\/strong>, vous pouvez aller directement \u00e0 la barre et quelque chose de grignoter, de yogourt, nos biscuits faits maison, le fruit de la saison!<\/p>\n<div id='gallery-1' class='gallery galleryid-2743 gallery-columns-3 gallery-size-full'><figure class='gallery-item'>\n\t\t\t<div class='gallery-icon landscape'>\n\t\t\t\t<a href='https:\/\/www.hotelambasciatoricattolica.it\/wp-content\/uploads\/2019\/02\/Gallery-Family-03-Ambasciatori-Cattolica.jpg' data-size=\"1000x700\"><img loading=\"lazy\" decoding=\"async\" width=\"1000\" height=\"700\" src=\"https:\/\/www.hotelambasciatoricattolica.it\/wp-content\/uploads\/2019\/02\/Gallery-Family-03-Ambasciatori-Cattolica.jpg\" class=\"attachment-full size-full\" alt=\"Family Hotel Cattolica\" srcset=\"https:\/\/www.hotelambasciatoricattolica.it\/wp-content\/uploads\/2019\/02\/Gallery-Family-03-Ambasciatori-Cattolica.jpg 1000w, https:\/\/www.hotelambasciatoricattolica.it\/wp-content\/uploads\/2019\/02\/Gallery-Family-03-Ambasciatori-Cattolica-768x538.jpg 768w, https:\/\/www.hotelambasciatoricattolica.it\/wp-content\/uploads\/2019\/02\/Gallery-Family-03-Ambasciatori-Cattolica-57x40.jpg 57w, https:\/\/www.hotelambasciatoricattolica.it\/wp-content\/uploads\/2019\/02\/Gallery-Family-03-Ambasciatori-Cattolica-72x50.jpg 72w, https:\/\/www.hotelambasciatoricattolica.it\/wp-content\/uploads\/2019\/02\/Gallery-Family-03-Ambasciatori-Cattolica-114x80.jpg 114w, https:\/\/www.hotelambasciatoricattolica.it\/wp-content\/uploads\/2019\/02\/Gallery-Family-03-Ambasciatori-Cattolica-144x101.jpg 144w\" sizes=\"auto, (max-width: 1000px) 100vw, 1000px\" \/><\/a>\n\t\t\t<\/div><\/figure><figure class='gallery-item'>\n\t\t\t<div class='gallery-icon landscape'>\n\t\t\t\t<a href='https:\/\/www.hotelambasciatoricattolica.it\/wp-content\/uploads\/2019\/02\/Gallery-Family-01-Ambasciatori-Cattolica.jpg' data-size=\"1000x700\"><img loading=\"lazy\" decoding=\"async\" width=\"1000\" height=\"700\" src=\"https:\/\/www.hotelambasciatoricattolica.it\/wp-content\/uploads\/2019\/02\/Gallery-Family-01-Ambasciatori-Cattolica.jpg\" class=\"attachment-full size-full\" alt=\"Hotel per famiglie Cattolica\" srcset=\"https:\/\/www.hotelambasciatoricattolica.it\/wp-content\/uploads\/2019\/02\/Gallery-Family-01-Ambasciatori-Cattolica.jpg 1000w, https:\/\/www.hotelambasciatoricattolica.it\/wp-content\/uploads\/2019\/02\/Gallery-Family-01-Ambasciatori-Cattolica-768x538.jpg 768w, https:\/\/www.hotelambasciatoricattolica.it\/wp-content\/uploads\/2019\/02\/Gallery-Family-01-Ambasciatori-Cattolica-57x40.jpg 57w, https:\/\/www.hotelambasciatoricattolica.it\/wp-content\/uploads\/2019\/02\/Gallery-Family-01-Ambasciatori-Cattolica-72x50.jpg 72w, https:\/\/www.hotelambasciatoricattolica.it\/wp-content\/uploads\/2019\/02\/Gallery-Family-01-Ambasciatori-Cattolica-114x80.jpg 114w, https:\/\/www.hotelambasciatoricattolica.it\/wp-content\/uploads\/2019\/02\/Gallery-Family-01-Ambasciatori-Cattolica-144x101.jpg 144w\" sizes=\"auto, (max-width: 1000px) 100vw, 1000px\" \/><\/a>\n\t\t\t<\/div><\/figure><figure class='gallery-item'>\n\t\t\t<div class='gallery-icon landscape'>\n\t\t\t\t<a href='https:\/\/www.hotelambasciatoricattolica.it\/wp-content\/uploads\/2019\/02\/Gallery-Family-06-Ambasciatori-Cattolica.jpg' data-size=\"1000x700\"><img loading=\"lazy\" decoding=\"async\" width=\"1000\" height=\"700\" src=\"https:\/\/www.hotelambasciatoricattolica.it\/wp-content\/uploads\/2019\/02\/Gallery-Family-06-Ambasciatori-Cattolica.jpg\" class=\"attachment-full size-full\" alt=\"Hotel Ambasciatori Cattolica bambini\" srcset=\"https:\/\/www.hotelambasciatoricattolica.it\/wp-content\/uploads\/2019\/02\/Gallery-Family-06-Ambasciatori-Cattolica.jpg 1000w, https:\/\/www.hotelambasciatoricattolica.it\/wp-content\/uploads\/2019\/02\/Gallery-Family-06-Ambasciatori-Cattolica-768x538.jpg 768w, https:\/\/www.hotelambasciatoricattolica.it\/wp-content\/uploads\/2019\/02\/Gallery-Family-06-Ambasciatori-Cattolica-57x40.jpg 57w, https:\/\/www.hotelambasciatoricattolica.it\/wp-content\/uploads\/2019\/02\/Gallery-Family-06-Ambasciatori-Cattolica-72x50.jpg 72w, https:\/\/www.hotelambasciatoricattolica.it\/wp-content\/uploads\/2019\/02\/Gallery-Family-06-Ambasciatori-Cattolica-114x80.jpg 114w, https:\/\/www.hotelambasciatoricattolica.it\/wp-content\/uploads\/2019\/02\/Gallery-Family-06-Ambasciatori-Cattolica-144x101.jpg 144w\" sizes=\"auto, (max-width: 1000px) 100vw, 1000px\" \/><\/a>\n\t\t\t<\/div><\/figure><figure class='gallery-item'>\n\t\t\t<div class='gallery-icon landscape'>\n\t\t\t\t<a href='https:\/\/www.hotelambasciatoricattolica.it\/wp-content\/uploads\/2019\/02\/Gallery-Family-05-Ambasciatori-Cattolica.jpg' data-size=\"1000x700\"><img loading=\"lazy\" decoding=\"async\" width=\"1000\" height=\"700\" src=\"https:\/\/www.hotelambasciatoricattolica.it\/wp-content\/uploads\/2019\/02\/Gallery-Family-05-Ambasciatori-Cattolica.jpg\" class=\"attachment-full size-full\" alt=\"Hotel per famiglie Riviera Adriatica\" srcset=\"https:\/\/www.hotelambasciatoricattolica.it\/wp-content\/uploads\/2019\/02\/Gallery-Family-05-Ambasciatori-Cattolica.jpg 1000w, https:\/\/www.hotelambasciatoricattolica.it\/wp-content\/uploads\/2019\/02\/Gallery-Family-05-Ambasciatori-Cattolica-768x538.jpg 768w, https:\/\/www.hotelambasciatoricattolica.it\/wp-content\/uploads\/2019\/02\/Gallery-Family-05-Ambasciatori-Cattolica-57x40.jpg 57w, https:\/\/www.hotelambasciatoricattolica.it\/wp-content\/uploads\/2019\/02\/Gallery-Family-05-Ambasciatori-Cattolica-72x50.jpg 72w, https:\/\/www.hotelambasciatoricattolica.it\/wp-content\/uploads\/2019\/02\/Gallery-Family-05-Ambasciatori-Cattolica-114x80.jpg 114w, https:\/\/www.hotelambasciatoricattolica.it\/wp-content\/uploads\/2019\/02\/Gallery-Family-05-Ambasciatori-Cattolica-144x101.jpg 144w\" sizes=\"auto, (max-width: 1000px) 100vw, 1000px\" \/><\/a>\n\t\t\t<\/div><\/figure><figure class='gallery-item'>\n\t\t\t<div class='gallery-icon landscape'>\n\t\t\t\t<a href='https:\/\/www.hotelambasciatoricattolica.it\/wp-content\/uploads\/2019\/02\/Gallery-Family-04-Ambasciatori-Cattolica.jpg' data-size=\"1000x700\"><img loading=\"lazy\" decoding=\"async\" width=\"1000\" height=\"700\" src=\"https:\/\/www.hotelambasciatoricattolica.it\/wp-content\/uploads\/2019\/02\/Gallery-Family-04-Ambasciatori-Cattolica.jpg\" class=\"attachment-full size-full\" alt=\"Hotel per famiglie Cattolica\" srcset=\"https:\/\/www.hotelambasciatoricattolica.it\/wp-content\/uploads\/2019\/02\/Gallery-Family-04-Ambasciatori-Cattolica.jpg 1000w, https:\/\/www.hotelambasciatoricattolica.it\/wp-content\/uploads\/2019\/02\/Gallery-Family-04-Ambasciatori-Cattolica-768x538.jpg 768w, https:\/\/www.hotelambasciatoricattolica.it\/wp-content\/uploads\/2019\/02\/Gallery-Family-04-Ambasciatori-Cattolica-57x40.jpg 57w, https:\/\/www.hotelambasciatoricattolica.it\/wp-content\/uploads\/2019\/02\/Gallery-Family-04-Ambasciatori-Cattolica-72x50.jpg 72w, https:\/\/www.hotelambasciatoricattolica.it\/wp-content\/uploads\/2019\/02\/Gallery-Family-04-Ambasciatori-Cattolica-114x80.jpg 114w, https:\/\/www.hotelambasciatoricattolica.it\/wp-content\/uploads\/2019\/02\/Gallery-Family-04-Ambasciatori-Cattolica-144x101.jpg 144w\" sizes=\"auto, (max-width: 1000px) 100vw, 1000px\" \/><\/a>\n\t\t\t<\/div><\/figure>\n\t\t<\/div>\n\n<p><strong>Sur la plage votre enfant trouvera tout le divertissement<\/strong> et de plaisir vous voulez, gr\u00e2ce \u00e0 la <strong>mini-club et animation<\/strong> offerte par <strong>notre super-\u00e9quip\u00e9 pour les deux grandes plages et pour les enfants<\/strong> \u2026 et le soir? Cattolica offre tout le divertissement que vous souhaitez pour vous et pour votre enfant et \u00e0 l\u2019ext\u00e9rieur de l\u2019h\u00f4tel, vous trouverez une <strong>petite aire de jeux pour les enfants<\/strong> o\u00f9 votre enfant peut jouer \u00e0 volont\u00e9 avant de se coucher!<\/p>\n<h3>F\u00eates en toute s\u00e9curit\u00e9 pour votre enfant<\/h3>\n<p>Si au cours de votre s\u00e9jour de votre enfant devrait avoir un probl\u00e8me de sant\u00e9, ne vous inqui\u00e9tez pas, <strong>notre p\u00e9diatre est toujours disponible \u00e0 domicilie<\/strong>, ainsi que notre baby-sitter qui sera heureux de le remplacer pour vous de passer du temps ensemble (baby-sitter et p\u00e9diatre sont des services pour un co\u00fbt suppl\u00e9mentaire).<\/p>\n<h3>Tout l\u2019essentiel \u00e0 l\u2019H\u00f4tel<\/h3>\n<p>Lorsque vous partez en vacances avec un enfant, vous ne savez jamais ce que d\u2019apporter, pour \u00e9viter de faire un petit enl\u00e8vement,<strong> nous pr\u00e9voyons que la n\u00e9cessit\u00e9 pour les repas, la chaise haute, la cr\u00e8che, la poussette, le bain de b\u00e9b\u00e9 et le si\u00e8ge de l\u2019enfant \u00e0 la bicyclette<\/strong> peut les laisser en toute s\u00e9curit\u00e9 \u00e0 la maison, vous trouverez tout cela \u00e0 l\u2019h\u00f4tel.<\/p>\n<p><strong>Le peluche pr\u00e9f\u00e9r\u00e9 de votre enfant \u00e9lev\u00e9 m\u00eame en vacances avec vous, il est bienvenue \ud83d\ude42<\/strong><\/p>\n","protected":false},"excerpt":{"rendered":"<p>Chers p\u00e8res et m\u00e8res, les Hotel Ambasciatori trouveront de nombreux services pour les enfants, de sorte que vous pouvez \u00e9galement passer des vacances en toute relax et de libert\u00e9 \u2026 Les repas de vos enfants, nous pensons, sera suffisant pour nous informer de vos besoins \u00e0 l\u2019arriv\u00e9e. La salle \u00e0 manger est ouverte pour les plus petits, tous les jours de demi-heure avant les repas afin qu\u2019ils puissent manger en &#8230;<\/p>\n","protected":false},"author":1,"featured_media":0,"parent":0,"menu_order":0,"comment_status":"closed","ping_status":"closed","template":"","meta":{"_acf_changed":false},"class_list":["post-2743","page","type-page","status-publish","hentry"],"acf":[],"_links":{"self":[{"href":"https:\/\/www.hotelambasciatoricattolica.it\/fr\/wp-json\/wp\/v2\/pages\/2743","targetHints":{"allow":["GET"]}}],"collection":[{"href":"https:\/\/www.hotelambasciatoricattolica.it\/fr\/wp-json\/wp\/v2\/pages"}],"about":[{"href":"https:\/\/www.hotelambasciatoricattolica.it\/fr\/wp-json\/wp\/v2\/types\/page"}],"author":[{"embeddable":true,"href":"https:\/\/www.hotelambasciatoricattolica.it\/fr\/wp-json\/wp\/v2\/users\/1"}],"replies":[{"embeddable":true,"href":"https:\/\/www.hotelambasciatoricattolica.it\/fr\/wp-json\/wp\/v2\/comments?post=2743"}],"version-history":[{"count":0,"href":"https:\/\/www.hotelambasciatoricattolica.it\/fr\/wp-json\/wp\/v2\/pages\/2743\/revisions"}],"wp:attachment":[{"href":"https:\/\/www.hotelambasciatoricattolica.it\/fr\/wp-json\/wp\/v2\/media?parent=2743"}],"curies":[{"name":"wp","href":"https:\/\/api.w.org\/{rel}","templated":true}]}}