{"id":2749,"date":"2019-02-07T09:50:41","date_gmt":"2019-02-07T08:50:41","guid":{"rendered":"https:\/\/www.hotelambasciatoricattolica.it\/no-stress-parcheggio\/"},"modified":"2023-01-11T15:18:42","modified_gmt":"2023-01-11T14:18:42","slug":"pas-de-stress-parking","status":"publish","type":"page","link":"https:\/\/www.hotelambasciatoricattolica.it\/fr\/pas-de-stress-parking\/","title":{"rendered":"Nos services: parking, navette, v\u00e9los gratuits et&#8230;"},"content":{"rendered":"<h2>Voil\u00e0 pourquoi nous avons les vacances du bon pied<\/h2>\n<ul>\n<li>Dans les stations baln\u00e9aires souvent parking devient un v\u00e9ritable \u00e9l\u00e9ment de stress \u2026. <strong>au moins en vacances, il serait bon d\u2019avoir cette pr\u00e9occupation<\/strong>. Nos clients, ils ne pourront jamais avoir le probl\u00e8me d\u2019avoir \u00e0 regarder pour le stationnement \u00e0 payer des sommes visibles pour garder la voiture gar\u00e9e. Avec nous, vous venez \u00e0 l\u2019h\u00f4tel et garer votre voiture dans le parking pratique \u00e0 400 mt. <strong>Pour vous, le parking est toujours gratuit et vous pouvez l\u2019utiliser \u00e0 toutes les heures<\/strong>.<\/li>\n<li><strong>Navette de l\u2019h\u00f4tel \u00e0 la gare<\/strong> a\/r : Vous arrivez en train ? Communiquez-le au moment de la r\u00e9servation et <strong>notre voiture \u00e9lectrique vous attendra \u00e0 votre arriv\u00e9e et vous d\u00e9posera \u00e0 la gare le jour du d\u00e9part<\/strong>. Le service est enti\u00e8rement gratuit et disponible tous les jours de 9h00 \u00e0 14h30 et de 18h30 \u00e0 21h00.<\/li>\n<li><strong>V\u00e9los gratuits (avec si\u00e8ge enfant sur demande)<\/strong>. Le service v\u00e9lo est \u00e0 demander directement \u00e0 la r\u00e9ception et n&rsquo;est pas disponible \u00e0 la r\u00e9servation<\/li>\n<li><strong>Bagagerie<\/strong> : le jour du d\u00e9part, si vous souhaitez profiter d\u2019une derni\u00e8re matin\u00e9e au soleil, <strong>l&rsquo;h\u00f4tel garde vos bagages jusqu&rsquo;\u00e0 votre d\u00e9part<\/strong><\/li>\n<li><strong>Bar et service de conciergerie H24<\/strong><\/li>\n<li><strong>Services pour la famille<\/strong> : une multitude de services pour vos enfants, de notre <strong>aire de jeux avec la pr\u00e9sence de la nounou Matilde<\/strong> jusqu\u2019au <strong>go\u00fbter<\/strong> avant la plage. <strong>Vous trouverez en outre tout ce dont vous avez besoin pour votre b\u00e9b\u00e9 directement \u00e0 l&rsquo;h\u00f4tel<\/strong>. Pour en savoir plus, visitez la section <strong><a href=\"https:\/\/www.hotelambasciatoricattolica.it\/fr\/hotel-pour-familles-cattolica\/\">\u00ab\u00a0Vacances en famille\u00a0\u00bb<\/a><\/strong><\/li>\n<\/ul>\n","protected":false},"excerpt":{"rendered":"<p>Voil\u00e0 pourquoi nous avons les vacances du bon pied Dans les stations baln\u00e9aires souvent parking devient un v\u00e9ritable \u00e9l\u00e9ment de stress \u2026. au moins en vacances, il serait bon d\u2019avoir cette pr\u00e9occupation. Nos clients, ils ne pourront jamais avoir le probl\u00e8me d\u2019avoir \u00e0 regarder pour le stationnement \u00e0 payer des sommes visibles pour garder la voiture gar\u00e9e. Avec nous, vous venez \u00e0 l\u2019h\u00f4tel et garer votre voiture dans le parking &#8230;<\/p>\n","protected":false},"author":1,"featured_media":0,"parent":0,"menu_order":0,"comment_status":"closed","ping_status":"closed","template":"","meta":{"_acf_changed":false},"class_list":["post-2749","page","type-page","status-publish","hentry"],"acf":[],"_links":{"self":[{"href":"https:\/\/www.hotelambasciatoricattolica.it\/fr\/wp-json\/wp\/v2\/pages\/2749","targetHints":{"allow":["GET"]}}],"collection":[{"href":"https:\/\/www.hotelambasciatoricattolica.it\/fr\/wp-json\/wp\/v2\/pages"}],"about":[{"href":"https:\/\/www.hotelambasciatoricattolica.it\/fr\/wp-json\/wp\/v2\/types\/page"}],"author":[{"embeddable":true,"href":"https:\/\/www.hotelambasciatoricattolica.it\/fr\/wp-json\/wp\/v2\/users\/1"}],"replies":[{"embeddable":true,"href":"https:\/\/www.hotelambasciatoricattolica.it\/fr\/wp-json\/wp\/v2\/comments?post=2749"}],"version-history":[{"count":0,"href":"https:\/\/www.hotelambasciatoricattolica.it\/fr\/wp-json\/wp\/v2\/pages\/2749\/revisions"}],"wp:attachment":[{"href":"https:\/\/www.hotelambasciatoricattolica.it\/fr\/wp-json\/wp\/v2\/media?parent=2749"}],"curies":[{"name":"wp","href":"https:\/\/api.w.org\/{rel}","templated":true}]}}