{"id":2762,"date":"2018-08-30T10:09:57","date_gmt":"2018-08-30T08:09:57","guid":{"rendered":"https:\/\/www.hotelambasciatoricattolica.it\/pagina-di-esempio\/"},"modified":"2023-01-11T13:03:18","modified_gmt":"2023-01-11T12:03:18","slug":"pagina-di-esempio","status":"publish","type":"page","link":"https:\/\/www.hotelambasciatoricattolica.it\/fr\/","title":{"rendered":"H\u00f4tel 3 \u00e9toiles Cattolica \u00e0 seulement 50 m\u00e8tres de la mer \u2026"},"content":{"rendered":"<h2>Ici, nous sommes \u2026 Bienvenue \u00e0 l\u2019H\u00f4tel Ambasciatori 3 \u00e9toiles, le meilleur ami pour vos vacances \u00e0 Cattolica!<\/h2>\n<p>Il trouve \u00e0 seulement 50 m\u00e8tres de la mer et \u00e0 quelques pas de la zone pi\u00e9tonne de Via Dante, h\u00f4tel 3 \u00e9toiles Ambasciatori de Cattolica et tout son personnel sont en attente d\u2019accueillir et de prendre soin dans la meilleure tradition de la Romagne, et vous passez la coupe de vacances pour tenir vous, avvolgendoti dans une ambiance conviviale et familiale..<\/p>\n<p>Les raisons pour lesquelles choisir nos h\u00f4tels \u00e0 Cattolica 3 \u00e9toiles avec piscine? Difficile de r\u00e9sumer \u2026<\/p>\n<ul>\n<li><strong>Piscine avec jacuzzi<\/strong>, nage \u00e0 contre-courant, cascade cervicale et espace enfants ;<\/li>\n<li><strong>Restaurant avec service \u00e0 table<\/strong> parce que nous pensons que les vacances sont faites pour se laisser servir !<\/li>\n<li><strong>Animation \u00e0 la plage et \u00e0 l\u2019h\u00f4tel<\/strong>, notre nounou sera heureuse d\u2019accueillir vos enfants au club des Ambassadeurs, elle d\u00e9jeunera et d\u00eenera avec eux et les autres enfants et les offrira un petit <strong>go\u00fbter avant la plage !<\/strong><\/li>\n<li><strong>Transfert de la gare de Cattolica \u00e0 l&rsquo;h\u00f4tel et vice-versa<\/strong> de mani\u00e8re totalement <strong>\u00e9cologique<\/strong>&#8230; notre voiture \u00e9lectrique sera \u00e0 la gare sp\u00e9cialement pour vous !<\/li>\n<li><strong>Parking gratuit \u00e0 seulement 400 m de l&rsquo;h\u00f4tel ouvert H24<\/strong> ou garage \u00e0 100 m sur r\u00e9servation (service payant)<\/li>\n<li><strong>Un s\u00e9jour qui chatouille les papilles\u00a0: ap\u00e9ritif hebdomadaire et soir\u00e9es gastronomiques \u00e0 th\u00e8me<\/strong> avec l&rsquo;incontournable piadina de Romagne.<\/li>\n<\/ul>\n<p>Alors qu\u2019est-ce que vous attendez? Venez d\u00e9couvrir \u2026<\/p>\n","protected":false},"excerpt":{"rendered":"<p>Ici, nous sommes \u2026 Bienvenue \u00e0 l\u2019H\u00f4tel Ambasciatori 3 \u00e9toiles, le meilleur ami pour vos vacances \u00e0 Cattolica! Il trouve \u00e0 seulement 50 m\u00e8tres de la mer et \u00e0 quelques pas de la zone pi\u00e9tonne de Via Dante, h\u00f4tel 3 \u00e9toiles Ambasciatori de Cattolica et tout son personnel sont en attente d\u2019accueillir et de prendre soin dans la meilleure tradition de la Romagne, et vous passez la coupe de vacances &#8230;<\/p>\n","protected":false},"author":1,"featured_media":0,"parent":0,"menu_order":0,"comment_status":"closed","ping_status":"closed","template":"","meta":{"_acf_changed":false},"class_list":["post-2762","page","type-page","status-publish","hentry"],"acf":[],"_links":{"self":[{"href":"https:\/\/www.hotelambasciatoricattolica.it\/fr\/wp-json\/wp\/v2\/pages\/2762","targetHints":{"allow":["GET"]}}],"collection":[{"href":"https:\/\/www.hotelambasciatoricattolica.it\/fr\/wp-json\/wp\/v2\/pages"}],"about":[{"href":"https:\/\/www.hotelambasciatoricattolica.it\/fr\/wp-json\/wp\/v2\/types\/page"}],"author":[{"embeddable":true,"href":"https:\/\/www.hotelambasciatoricattolica.it\/fr\/wp-json\/wp\/v2\/users\/1"}],"replies":[{"embeddable":true,"href":"https:\/\/www.hotelambasciatoricattolica.it\/fr\/wp-json\/wp\/v2\/comments?post=2762"}],"version-history":[{"count":0,"href":"https:\/\/www.hotelambasciatoricattolica.it\/fr\/wp-json\/wp\/v2\/pages\/2762\/revisions"}],"wp:attachment":[{"href":"https:\/\/www.hotelambasciatoricattolica.it\/fr\/wp-json\/wp\/v2\/media?parent=2762"}],"curies":[{"name":"wp","href":"https:\/\/api.w.org\/{rel}","templated":true}]}}