{"id":2792,"date":"2019-02-07T10:24:00","date_gmt":"2019-02-07T09:24:00","guid":{"rendered":"https:\/\/www.hotelambasciatoricattolica.it\/hotel-con-piscina-esterna\/"},"modified":"2019-03-25T12:40:19","modified_gmt":"2019-03-25T11:40:19","slug":"hotel-a-cattolica-avec-piscine-exterieure","status":"publish","type":"page","link":"https:\/\/www.hotelambasciatoricattolica.it\/fr\/hotel-a-cattolica-avec-piscine-exterieure\/","title":{"rendered":"H\u00f4tel \u00e0 Cattolica avec piscine ext\u00e9rieure"},"content":{"rendered":"<h2>Il vous sera impossible de r\u00e9sister&#8230;<\/h2>\n<p>Notre <strong>nouvelle piscine ext\u00e9rieure<\/strong> est \u00e9quip\u00e9e d&rsquo;un <strong>jacuzzi, d&rsquo;une piscine \u00e0 contre-courant, d&rsquo;une cascade cervicale et d&rsquo;un espace enfants<\/strong>. Pendant votre s\u00e9jour \u00e0 Cattolica, profitez pleinement de l&rsquo;Hotel Ambasciatori 3 \u00e9toiles.<\/p>\n<div id='gallery-1' class='gallery galleryid-2792 gallery-columns-3 gallery-size-full'><figure class='gallery-item'>\n\t\t\t<div class='gallery-icon landscape'>\n\t\t\t\t<a href='https:\/\/www.hotelambasciatoricattolica.it\/wp-content\/uploads\/2019\/02\/Gallery-Piscina-01-Ambasciatori-Cattolica.jpg' data-size=\"1000x700\"><img loading=\"lazy\" decoding=\"async\" width=\"1000\" height=\"700\" src=\"https:\/\/www.hotelambasciatoricattolica.it\/wp-content\/uploads\/2019\/02\/Gallery-Piscina-01-Ambasciatori-Cattolica.jpg\" class=\"attachment-full size-full\" alt=\"Hotel Cattolica con piscina\" srcset=\"https:\/\/www.hotelambasciatoricattolica.it\/wp-content\/uploads\/2019\/02\/Gallery-Piscina-01-Ambasciatori-Cattolica.jpg 1000w, https:\/\/www.hotelambasciatoricattolica.it\/wp-content\/uploads\/2019\/02\/Gallery-Piscina-01-Ambasciatori-Cattolica-768x538.jpg 768w, https:\/\/www.hotelambasciatoricattolica.it\/wp-content\/uploads\/2019\/02\/Gallery-Piscina-01-Ambasciatori-Cattolica-57x40.jpg 57w, https:\/\/www.hotelambasciatoricattolica.it\/wp-content\/uploads\/2019\/02\/Gallery-Piscina-01-Ambasciatori-Cattolica-72x50.jpg 72w, https:\/\/www.hotelambasciatoricattolica.it\/wp-content\/uploads\/2019\/02\/Gallery-Piscina-01-Ambasciatori-Cattolica-114x80.jpg 114w, https:\/\/www.hotelambasciatoricattolica.it\/wp-content\/uploads\/2019\/02\/Gallery-Piscina-01-Ambasciatori-Cattolica-144x101.jpg 144w\" sizes=\"auto, (max-width: 1000px) 100vw, 1000px\" \/><\/a>\n\t\t\t<\/div><\/figure><figure class='gallery-item'>\n\t\t\t<div class='gallery-icon landscape'>\n\t\t\t\t<a href='https:\/\/www.hotelambasciatoricattolica.it\/wp-content\/uploads\/2019\/02\/Gallery-Piscina-02-Ambasciatori-Cattolica.jpg' data-size=\"1000x700\"><img loading=\"lazy\" decoding=\"async\" width=\"1000\" height=\"700\" src=\"https:\/\/www.hotelambasciatoricattolica.it\/wp-content\/uploads\/2019\/02\/Gallery-Piscina-02-Ambasciatori-Cattolica.jpg\" class=\"attachment-full size-full\" alt=\"Hotel 3 stelle Cattolica con piscina\" srcset=\"https:\/\/www.hotelambasciatoricattolica.it\/wp-content\/uploads\/2019\/02\/Gallery-Piscina-02-Ambasciatori-Cattolica.jpg 1000w, https:\/\/www.hotelambasciatoricattolica.it\/wp-content\/uploads\/2019\/02\/Gallery-Piscina-02-Ambasciatori-Cattolica-768x538.jpg 768w, https:\/\/www.hotelambasciatoricattolica.it\/wp-content\/uploads\/2019\/02\/Gallery-Piscina-02-Ambasciatori-Cattolica-57x40.jpg 57w, https:\/\/www.hotelambasciatoricattolica.it\/wp-content\/uploads\/2019\/02\/Gallery-Piscina-02-Ambasciatori-Cattolica-72x50.jpg 72w, https:\/\/www.hotelambasciatoricattolica.it\/wp-content\/uploads\/2019\/02\/Gallery-Piscina-02-Ambasciatori-Cattolica-114x80.jpg 114w, https:\/\/www.hotelambasciatoricattolica.it\/wp-content\/uploads\/2019\/02\/Gallery-Piscina-02-Ambasciatori-Cattolica-144x101.jpg 144w\" sizes=\"auto, (max-width: 1000px) 100vw, 1000px\" \/><\/a>\n\t\t\t<\/div><\/figure><figure class='gallery-item'>\n\t\t\t<div class='gallery-icon landscape'>\n\t\t\t\t<a href='https:\/\/www.hotelambasciatoricattolica.it\/wp-content\/uploads\/2019\/02\/Gallery-Piscina-04-Ambasciatori-Cattolica.jpg' data-size=\"1000x700\"><img loading=\"lazy\" decoding=\"async\" width=\"1000\" height=\"700\" src=\"https:\/\/www.hotelambasciatoricattolica.it\/wp-content\/uploads\/2019\/02\/Gallery-Piscina-04-Ambasciatori-Cattolica.jpg\" class=\"attachment-full size-full\" alt=\"Hotel Cattolica con piscina esterna\" srcset=\"https:\/\/www.hotelambasciatoricattolica.it\/wp-content\/uploads\/2019\/02\/Gallery-Piscina-04-Ambasciatori-Cattolica.jpg 1000w, https:\/\/www.hotelambasciatoricattolica.it\/wp-content\/uploads\/2019\/02\/Gallery-Piscina-04-Ambasciatori-Cattolica-768x538.jpg 768w, https:\/\/www.hotelambasciatoricattolica.it\/wp-content\/uploads\/2019\/02\/Gallery-Piscina-04-Ambasciatori-Cattolica-57x40.jpg 57w, https:\/\/www.hotelambasciatoricattolica.it\/wp-content\/uploads\/2019\/02\/Gallery-Piscina-04-Ambasciatori-Cattolica-72x50.jpg 72w, https:\/\/www.hotelambasciatoricattolica.it\/wp-content\/uploads\/2019\/02\/Gallery-Piscina-04-Ambasciatori-Cattolica-114x80.jpg 114w, https:\/\/www.hotelambasciatoricattolica.it\/wp-content\/uploads\/2019\/02\/Gallery-Piscina-04-Ambasciatori-Cattolica-144x101.jpg 144w\" sizes=\"auto, (max-width: 1000px) 100vw, 1000px\" \/><\/a>\n\t\t\t<\/div><\/figure><figure class='gallery-item'>\n\t\t\t<div class='gallery-icon landscape'>\n\t\t\t\t<a href='https:\/\/www.hotelambasciatoricattolica.it\/wp-content\/uploads\/2019\/02\/Gallery-Piscina-03-Ambasciatori-Cattolica.jpg' data-size=\"1000x700\"><img loading=\"lazy\" decoding=\"async\" width=\"1000\" height=\"700\" src=\"https:\/\/www.hotelambasciatoricattolica.it\/wp-content\/uploads\/2019\/02\/Gallery-Piscina-03-Ambasciatori-Cattolica.jpg\" class=\"attachment-full size-full\" alt=\"Hotel con piscina a Cattolica\" srcset=\"https:\/\/www.hotelambasciatoricattolica.it\/wp-content\/uploads\/2019\/02\/Gallery-Piscina-03-Ambasciatori-Cattolica.jpg 1000w, https:\/\/www.hotelambasciatoricattolica.it\/wp-content\/uploads\/2019\/02\/Gallery-Piscina-03-Ambasciatori-Cattolica-768x538.jpg 768w, https:\/\/www.hotelambasciatoricattolica.it\/wp-content\/uploads\/2019\/02\/Gallery-Piscina-03-Ambasciatori-Cattolica-57x40.jpg 57w, https:\/\/www.hotelambasciatoricattolica.it\/wp-content\/uploads\/2019\/02\/Gallery-Piscina-03-Ambasciatori-Cattolica-72x50.jpg 72w, https:\/\/www.hotelambasciatoricattolica.it\/wp-content\/uploads\/2019\/02\/Gallery-Piscina-03-Ambasciatori-Cattolica-114x80.jpg 114w, https:\/\/www.hotelambasciatoricattolica.it\/wp-content\/uploads\/2019\/02\/Gallery-Piscina-03-Ambasciatori-Cattolica-144x101.jpg 144w\" sizes=\"auto, (max-width: 1000px) 100vw, 1000px\" \/><\/a>\n\t\t\t<\/div><\/figure>\n\t\t<\/div>\n\n<p>&nbsp;<\/p>\n","protected":false},"excerpt":{"rendered":"<p>Il vous sera impossible de r\u00e9sister&#8230; Notre nouvelle piscine ext\u00e9rieure est \u00e9quip\u00e9e d&rsquo;un jacuzzi, d&rsquo;une piscine \u00e0 contre-courant, d&rsquo;une cascade cervicale et d&rsquo;un espace enfants. Pendant votre s\u00e9jour \u00e0 Cattolica, profitez pleinement de l&rsquo;Hotel Ambasciatori 3 \u00e9toiles. &nbsp;<\/p>\n","protected":false},"author":1,"featured_media":0,"parent":0,"menu_order":0,"comment_status":"closed","ping_status":"closed","template":"","meta":{"_acf_changed":false},"class_list":["post-2792","page","type-page","status-publish","hentry"],"acf":[],"_links":{"self":[{"href":"https:\/\/www.hotelambasciatoricattolica.it\/fr\/wp-json\/wp\/v2\/pages\/2792","targetHints":{"allow":["GET"]}}],"collection":[{"href":"https:\/\/www.hotelambasciatoricattolica.it\/fr\/wp-json\/wp\/v2\/pages"}],"about":[{"href":"https:\/\/www.hotelambasciatoricattolica.it\/fr\/wp-json\/wp\/v2\/types\/page"}],"author":[{"embeddable":true,"href":"https:\/\/www.hotelambasciatoricattolica.it\/fr\/wp-json\/wp\/v2\/users\/1"}],"replies":[{"embeddable":true,"href":"https:\/\/www.hotelambasciatoricattolica.it\/fr\/wp-json\/wp\/v2\/comments?post=2792"}],"version-history":[{"count":0,"href":"https:\/\/www.hotelambasciatoricattolica.it\/fr\/wp-json\/wp\/v2\/pages\/2792\/revisions"}],"wp:attachment":[{"href":"https:\/\/www.hotelambasciatoricattolica.it\/fr\/wp-json\/wp\/v2\/media?parent=2792"}],"curies":[{"name":"wp","href":"https:\/\/api.w.org\/{rel}","templated":true}]}}