{"id":2795,"date":"2019-02-05T15:33:11","date_gmt":"2019-02-05T14:33:11","guid":{"rendered":"https:\/\/www.hotelambasciatoricattolica.it\/spa-hotel-cattolica\/"},"modified":"2019-03-25T11:40:28","modified_gmt":"2019-03-25T10:40:28","slug":"hotels-spa-wellness-center-cattolica","status":"publish","type":"page","link":"https:\/\/www.hotelambasciatoricattolica.it\/fr\/hotels-spa-wellness-center-cattolica\/","title":{"rendered":"H\u00f4tels avec Spa Wellness Center \u00e0 Cattolica"},"content":{"rendered":"<h2>\u00c0 proximit\u00e9 de l&rsquo;h\u00f4tel, vous trouverez un centre de bien-\u00eatre conventionn\u00e9<\/h2>\n<h3>Le Spa est situ\u00e9 \u00e0 500 mt. H\u00f4tel et sera l\u2019endroit id\u00e9al pour passer des moments de relax totale, un sentiment magique pour le corps et l\u2019esprit.<\/h3>\n<p>SPA moderne et confortable, peut r\u00e9server directement r\u00e9g\u00e9n\u00e9ration et traitements effectu\u00e9s par des mains expertes dans un cadre confortable et moderne de d\u00e9tente.<\/p>\n<p><strong>Le nouveau SPA de Tombari Hotels Group, inaugur\u00e9 en 2012, vous propose:<\/strong><\/p>\n<ul>\n<li><strong>hydro-soins<\/strong> et cascade cervicale<\/li>\n<li><strong>Thermarium<\/strong> avec sauna et bain turc<\/li>\n<li><strong>zone frigidarium<\/strong> avec douche \u00e9cossaise et cascade de glace<\/li>\n<li>douches \u00e9motionnelles<strong> chromoth\u00e9rapie et aromath\u00e9rapie<\/strong><\/li>\n<li><strong>espace relax <\/strong>avec tisanerie<\/li>\n<\/ul>\n<p>Nous attendons, r\u00e9servez vos vacances bien-\u00eatre \u00e0 Cattolica!<\/p>\n","protected":false},"excerpt":{"rendered":"<p>\u00c0 proximit\u00e9 de l&rsquo;h\u00f4tel, vous trouverez un centre de bien-\u00eatre conventionn\u00e9 Le Spa est situ\u00e9 \u00e0 500 mt. H\u00f4tel et sera l\u2019endroit id\u00e9al pour passer des moments de relax totale, un sentiment magique pour le corps et l\u2019esprit. SPA moderne et confortable, peut r\u00e9server directement r\u00e9g\u00e9n\u00e9ration et traitements effectu\u00e9s par des mains expertes dans un cadre confortable et moderne de d\u00e9tente. Le nouveau SPA de Tombari Hotels Group, inaugur\u00e9 en &#8230;<\/p>\n","protected":false},"author":1,"featured_media":0,"parent":0,"menu_order":0,"comment_status":"closed","ping_status":"closed","template":"","meta":{"_acf_changed":false},"class_list":["post-2795","page","type-page","status-publish","hentry"],"acf":[],"_links":{"self":[{"href":"https:\/\/www.hotelambasciatoricattolica.it\/fr\/wp-json\/wp\/v2\/pages\/2795","targetHints":{"allow":["GET"]}}],"collection":[{"href":"https:\/\/www.hotelambasciatoricattolica.it\/fr\/wp-json\/wp\/v2\/pages"}],"about":[{"href":"https:\/\/www.hotelambasciatoricattolica.it\/fr\/wp-json\/wp\/v2\/types\/page"}],"author":[{"embeddable":true,"href":"https:\/\/www.hotelambasciatoricattolica.it\/fr\/wp-json\/wp\/v2\/users\/1"}],"replies":[{"embeddable":true,"href":"https:\/\/www.hotelambasciatoricattolica.it\/fr\/wp-json\/wp\/v2\/comments?post=2795"}],"version-history":[{"count":0,"href":"https:\/\/www.hotelambasciatoricattolica.it\/fr\/wp-json\/wp\/v2\/pages\/2795\/revisions"}],"wp:attachment":[{"href":"https:\/\/www.hotelambasciatoricattolica.it\/fr\/wp-json\/wp\/v2\/media?parent=2795"}],"curies":[{"name":"wp","href":"https:\/\/api.w.org\/{rel}","templated":true}]}}