{"id":2820,"date":"2017-09-08T11:53:45","date_gmt":"2017-09-08T09:53:45","guid":{"rendered":"https:\/\/www.hotelambasciatoricattolica.it\/dove-siamo\/"},"modified":"2019-03-25T15:03:20","modified_gmt":"2019-03-25T14:03:20","slug":"ou-nous-sommes","status":"publish","type":"page","link":"https:\/\/www.hotelambasciatoricattolica.it\/fr\/ou-nous-sommes\/","title":{"rendered":"Ou nous sommes\u2026"},"content":{"rendered":"<h2>Il situ\u00e9 \u00e0 quelques m\u00e8tres de la mer, dans la zone centrale \u00e0 Cattolica<\/h2>\n<p>Affichez notre emplacement sur la carte et en quelques minutes vous saurez comment atteindre.<\/p>\n<div class=\"edt-row-shortcode row\"><div class=\"edt-div-shortcode edt-col-2\"><\/p>\n<p>Gare de Cattolica 2 km<br \/>\nSortie d&rsquo;autoroute A14 Cattolica \u00e0 3 km<br \/>\nA\u00e9roport de Bologne 138 km<br \/>\nA\u00e9roport de Rimini 15 km<br \/>\nA\u00e9roport de Ancona 75 km<\/p>\n<p><\/div><div class=\"edt-div-shortcode edt-col-2\"><\/p>\n<p>Aquarium de Cattolica 2,2 km<br \/>\nOltremare et Aquafan 10 km<br \/>\nArena della Regina 2.2 km<br \/>\nParc de San Bartolo 17 km<br \/>\nGradara 9 km<\/p>\n<p><\/div><\/div>\n","protected":false},"excerpt":{"rendered":"<p>Il situ\u00e9 \u00e0 quelques m\u00e8tres de la mer, dans la zone centrale \u00e0 Cattolica Affichez notre emplacement sur la carte et en quelques minutes vous saurez comment atteindre.<\/p>\n","protected":false},"author":1,"featured_media":0,"parent":0,"menu_order":0,"comment_status":"closed","ping_status":"closed","template":"template\/template.mappa.php","meta":{"_acf_changed":false},"class_list":["post-2820","page","type-page","status-publish","hentry"],"acf":[],"_links":{"self":[{"href":"https:\/\/www.hotelambasciatoricattolica.it\/fr\/wp-json\/wp\/v2\/pages\/2820","targetHints":{"allow":["GET"]}}],"collection":[{"href":"https:\/\/www.hotelambasciatoricattolica.it\/fr\/wp-json\/wp\/v2\/pages"}],"about":[{"href":"https:\/\/www.hotelambasciatoricattolica.it\/fr\/wp-json\/wp\/v2\/types\/page"}],"author":[{"embeddable":true,"href":"https:\/\/www.hotelambasciatoricattolica.it\/fr\/wp-json\/wp\/v2\/users\/1"}],"replies":[{"embeddable":true,"href":"https:\/\/www.hotelambasciatoricattolica.it\/fr\/wp-json\/wp\/v2\/comments?post=2820"}],"version-history":[{"count":0,"href":"https:\/\/www.hotelambasciatoricattolica.it\/fr\/wp-json\/wp\/v2\/pages\/2820\/revisions"}],"wp:attachment":[{"href":"https:\/\/www.hotelambasciatoricattolica.it\/fr\/wp-json\/wp\/v2\/media?parent=2820"}],"curies":[{"name":"wp","href":"https:\/\/api.w.org\/{rel}","templated":true}]}}